{"id":98,"date":"2016-11-14T11:02:59","date_gmt":"2016-11-14T10:02:59","guid":{"rendered":"https:\/\/www.johannes-rebmann-stiftung.de\/cms\/?page_id=98"},"modified":"2023-12-20T17:18:21","modified_gmt":"2023-12-20T16:18:21","slug":"nutzungshinweise","status":"publish","type":"page","link":"https:\/\/www.johannes-rebmann-stiftung.de\/cms\/rebmann-haus\/nutzungshinweise\/","title":{"rendered":"Nutzungshinweise"},"content":{"rendered":"<p><strong>Nutzungshinweise <\/strong><br \/>\n<strong>f\u00fcr die Missionarsstube im Rebmannhaus, Kirchstra\u00dfe 18, 70839 Gerlingen<\/strong><\/p>\n<p><strong><img loading=\"lazy\" decoding=\"async\" class=\"alignnone wp-image-115 size-full\" src=\"https:\/\/www.johannes-rebmann-stiftung.de\/cms\/wp-content\/uploads\/2016\/11\/Trauprospekt_5.jpg\" alt=\"trauprospekt_5\" width=\"517\" height=\"345\" srcset=\"https:\/\/www.johannes-rebmann-stiftung.de\/cms\/wp-content\/uploads\/2016\/11\/Trauprospekt_5.jpg 517w, https:\/\/www.johannes-rebmann-stiftung.de\/cms\/wp-content\/uploads\/2016\/11\/Trauprospekt_5-300x200.jpg 300w\" sizes=\"auto, (max-width: 517px) 100vw, 517px\" \/><\/strong><\/p>\n<p>- Dieses Merkblatt gibt die wichtigsten Informationen aus der aktuellen Benutzungsordnung wieder -<\/p>\n<p><strong>Anmeldung von Besichtigung au\u00dferhalb der \u00d6ffnungszeiten und Veranstaltungen<\/strong><\/p>\n<p>Den Terminkalender f\u00fcr die Missionarsstube f\u00fchrt das<br \/>\nGemeindeb\u00fcro der Ev. Kirchengemeinde Petrus und Lukas Gerlingen,<br \/>\nKirchstra\u00dfe 42 in 70839 Gerlingen<br \/>\nTel. +49 (0)7156 9201-0<br \/>\neMail: <a href=\"mailto:gemeindebuero.gerlingen.petrus-lukas@elkw.de\">gemeindebuero.gerlingen.petrus-lukas@elkw.de<\/a><\/p>\n<p>Anfragen\/Anmeldungen f\u00fcr Privatbesichtigungen oder die Durchf\u00fchrung von Veranstaltungen in der Missionarsstube richten Sie bitte dorthin.<\/p>\n<p>Das Rebmannhaus ist ein denkmalgesch\u00fctztes Objekt und dadurch ein ganz besonderer Ort.<br \/>\nSie k\u00f6nnen diesen Ort nutzen und genie\u00dfen, allerdings gelten ein paar besondere Bedingungen, die Sie in diesem Dokument finden.<\/p>\n<p><strong>Benutzerkreis<\/strong><\/p>\n<p>Die Missionarsstube kann von Unternehmen oder Privatpersonen f\u00fcr Veranstaltungen (z. B. Jubil\u00e4en, Feiern) genutzt werden.<\/p>\n<p>Unter Einhaltung der in Vorgaben und Regelungen in diesem Dokument ist also grunds\u00e4tzlich jedermann willkommen.<\/p>\n<p>Die Missionarsstube ist klein und gem\u00fctlich ... eine Besuchergruppe sollte \u2013 je nach Art der Nutzung \u2013 maximal 12 bis 20 Personen haben. F\u00fcr Besichtigungen durch Schulklassen unter der F\u00fchrung einer Lehrkraft gelten besondere Regelungen, die Ihnen das Gemeindeb\u00fcro der Evangelischen Kirchengemeinde Petrus-Lukas auf Anfrage mitteilt.<\/p>\n<p><strong>Kosten<\/strong><\/p>\n<ul>\n<li>bis zu 4 Stunden&nbsp;&nbsp;&nbsp;&nbsp;&nbsp;&nbsp; &nbsp;&nbsp;&nbsp; &nbsp;&nbsp;&nbsp; &nbsp;&nbsp;&nbsp; &nbsp;&nbsp;&nbsp; &nbsp;&nbsp;&nbsp; &nbsp;&nbsp;&nbsp; &nbsp;&nbsp;&nbsp;&nbsp;&nbsp;&nbsp;&nbsp;&nbsp;&nbsp;&nbsp;&nbsp;&nbsp;&nbsp;&nbsp;&nbsp;&nbsp;&nbsp;&nbsp;&nbsp;&nbsp;&nbsp;&nbsp;&nbsp;&nbsp;&nbsp;&nbsp;&nbsp;&nbsp;&nbsp;&nbsp;&nbsp;&nbsp;&nbsp;&nbsp;&nbsp;&nbsp;&nbsp;&nbsp;&nbsp;&nbsp;&nbsp;&nbsp; 30,00 \u20ac<\/li>\n<li>bis zu 8 Stunden&nbsp;&nbsp; &nbsp;&nbsp;&nbsp; &nbsp;&nbsp;&nbsp; &nbsp;&nbsp;&nbsp; &nbsp;&nbsp;&nbsp; &nbsp;&nbsp;&nbsp; &nbsp;&nbsp;&nbsp; &nbsp; &nbsp;&nbsp;&nbsp;&nbsp;&nbsp;&nbsp;&nbsp;&nbsp;&nbsp;&nbsp;&nbsp;&nbsp;&nbsp;&nbsp;&nbsp;&nbsp;&nbsp;&nbsp;&nbsp;&nbsp;&nbsp;&nbsp;&nbsp;&nbsp;&nbsp;&nbsp;&nbsp;&nbsp;&nbsp;&nbsp;&nbsp;&nbsp;&nbsp;&nbsp;&nbsp;&nbsp;&nbsp;&nbsp;&nbsp;&nbsp;&nbsp;&nbsp;&nbsp;&nbsp; 40,00 \u20ac<\/li>\n<li>dar\u00fcber hinaus pro Tag&nbsp;&nbsp; &nbsp;&nbsp;&nbsp; &nbsp;&nbsp;&nbsp; &nbsp;&nbsp;&nbsp;&nbsp;&nbsp;&nbsp; &nbsp;&nbsp;&nbsp;&nbsp;&nbsp;&nbsp;&nbsp;&nbsp;&nbsp;&nbsp;&nbsp;&nbsp;&nbsp;&nbsp;&nbsp;&nbsp;&nbsp;&nbsp;&nbsp;&nbsp;&nbsp;&nbsp;&nbsp;&nbsp;&nbsp;&nbsp;&nbsp;&nbsp;&nbsp;&nbsp;&nbsp;&nbsp;&nbsp;&nbsp;&nbsp;&nbsp;&nbsp;&nbsp;&nbsp;&nbsp;&nbsp;&nbsp;&nbsp; 60,00 \u20ac<\/li>\n<li>ab 5 gleichzeitigen Buchungen durch eine Person oder Institution ist ein Termin gratis, f\u00fcr die anderen Termine gelten die oben genannten Preise.<\/li>\n<li>Bestuhlung (optional)&nbsp;&nbsp; &nbsp;&nbsp;&nbsp; &nbsp;&nbsp;&nbsp; &nbsp;&nbsp;&nbsp; &nbsp;&nbsp;&nbsp; &nbsp;&nbsp;&nbsp; &nbsp;&nbsp;&nbsp;&nbsp;&nbsp;&nbsp;&nbsp;&nbsp;&nbsp;&nbsp;&nbsp;&nbsp;&nbsp;&nbsp;&nbsp;&nbsp;&nbsp;&nbsp;&nbsp;&nbsp;&nbsp;&nbsp;&nbsp;&nbsp;&nbsp;&nbsp;&nbsp;&nbsp;&nbsp;&nbsp;&nbsp;&nbsp;&nbsp;&nbsp;&nbsp;&nbsp;&nbsp;&nbsp;&nbsp; &nbsp; 35,00 \u20ac<\/li>\n<\/ul>\n<p>F\u00fcr Veranstaltungen auf Einladung der Rebmann-Stiftung selbst sowie f\u00fcr Kinderg\u00e4rten, Schulklassen und gemeinn\u00fctzige Einrichtungen ist die Nutzung f\u00fcr Besichtigungen kostenlos. F\u00fcr Trauungen gelten die Bestimmungen des Merkblatts f\u00fcr Trauungen.<\/p>\n<p><strong>Kaution oder Spende<\/strong><\/p>\n<p>F\u00fcr die Privatbesichtigung oder Veranstaltungen in der Missionarsstube hinterlegen Sie im Gemeindeb\u00fcro der Ev. Kirchengemeinde eine Kaution von 20 Euro.<br \/>\nDie Kaution erhalten Sie bei Schl\u00fcsselr\u00fcckgabe zur\u00fcck. Oder Sie tun eine gute Tat: Sie k\u00f6nnen beim Ausf\u00fcllen des Besucherformulars Ihre Kaution als Spende deklarieren und erhalten daf\u00fcr eine Spendenquittung.<\/p>\n<p><strong>Besucherformular und Schl\u00fcssel\u00fcbergabe<\/strong><\/p>\n<p>Voraussetzung f\u00fcr eine Privatbesichtigung oder eine andere Nutzung der Missionarsstube ist, dass eine voll-j\u00e4hrige Person Antragsteller\/in und Ansprechpartner\/in ist. Diese Person muss einen ordnungsgem\u00e4\u00dfen Ablauf der Privatbesichtigung\/Veranstaltung gew\u00e4hrleisten.<br \/>\nVor der Schl\u00fcssel\u00fcbergabe durch das Gemeindeb\u00fcro der Ev. Kirchengemeinde tr\u00e4gt der\/die Antrag-steller\/in auf dem Besucherformular seine\/ihre Anschrift ein und unterschreibt, dass<\/p>\n<ul>\n<li>er\/sie den Schl\u00fcssel f\u00fcr die Missionarsstube erhalten hat,<\/li>\n<li>er\/sie f\u00fcr eventuelle Sch\u00e4den in und an der Missionarsstube, bzw. an dort aufbewahrten oder ausgestellten Gegenst\u00e4nden, f\u00fcr sich und seine Gruppe haftet und daf\u00fcr aufkommt,<\/li>\n<li>er\/sie daf\u00fcr sorgt, dass das Rauchverbot eingehalten wird,<\/li>\n<li>er\/sie seinen\/ihren Personalausweis auf das Besucherformular kopiert.<\/li>\n<\/ul>\n<p>Die Benutzer verpflichten sich, den Charakter des Hauses \u2013 insbesondere den Charakter der Missionarsstube \u2013 zu wahren. Eine St\u00f6rung der im Hause lebenden Mieter sowie der Nachbarschaft ist zu unterbinden.<br \/>\nNach einer Veranstaltung sind die R\u00e4ume zu reinigen und sp\u00e4testens um 22 Uhr zu verlassen.<\/p>\n<p><strong>Ausgestaltung und Reinigung der Rebmannstube<\/strong><\/p>\n<p>Bei Ihren Veranstaltungen k\u00f6nnen Sie die Missionarsstube im wesentlichen selbst so gestalten, wie Sie es w\u00fcnschen: Die Tische und St\u00fchle k\u00f6nnen Sie so platzieren wie Sie m\u00f6chten. Kaffeegeschirr, Besteck und Wasserkocher sind in der kleinen K\u00fcche verstaut.<br \/>\nDa die Missionarsstube ein denkmalgesch\u00fctztes Objekt ist, d\u00fcrfen W\u00e4nde, Decken und Einrichtungsgegenst\u00e4nde nicht zu Dekorationszwecken oder anders als vorgesehen genutzt oder ver\u00e4ndert werden!<br \/>\nNach Ihrer Veranstaltung stellen Sie den urspr\u00fcnglichen Zustand wieder her, d.h. reinigen die genutzten R\u00e4ume und gegebenenfalls das genutzte K\u00fcchen-Equipment, stellen Tische und St\u00fchle wieder auf Ihren Platz. Flure und Toilette sind aus Hygienegr\u00fcnden nass aufzuwischen.<br \/>\nDie Missionarsstube wird nach jeder Privatbesichtigung oder Veranstaltung durch eine vom Stiftungsvorstand beauftragte Person auf eventuelle Verunreinigungen oder Sch\u00e4den \u00fcberpr\u00fcft. Reparaturen\/Nachreinigungen werden dem Unterzeichner des Besucherformulars in Rechnung gestellt.<\/p>\n<p><strong>Schl\u00fcsselr\u00fcckgabe<\/strong><\/p>\n<p>Falls Ihre Veranstaltung erst nach den B\u00fcrozeiten des Gemeindeb\u00fcros der Ev. Kirchengemeinde Gerlingen endet ... kein Problem: Sie werfen den Schl\u00fcssel f\u00fcr die Missionarsstube einfach in den Briefkasten des Gemeindeb\u00fcros. Ihre Kaution k\u00f6nnen Sie dann am n\u00e4chsten B\u00fcrotag im Gemeindeb\u00fcro abholen. Oder Sie lassen die Kaution gegen eine Verwaltungsgeb\u00fchr von 5 Euro auf Ihr Konto \u00fcberweisen. Ihre Kontonummer daf\u00fcr k\u00f6nnen Sie bereits auf dem Besucherformular eintragen.<\/p>\n<p><strong>Ein besonderes Erlebnis in besonderer Atmosph\u00e4re<\/strong><\/p>\n<p>Sie haben gelesen ... wir sind um die Erhaltung der denkmalgesch\u00fctzten Missionarsstube im denkmalgesch\u00fctzten Rebmann-Haus sehr besorgt und haben deshalb einiges an Regeln aufgestellt. Wir w\u00fcnschen uns, dass noch viele Generationen von Besucher(inne)n die besondere Atmosph\u00e4re einer Veranstaltung in der Missionarsstube erleben m\u00f6gen. Danke f\u00fcr Ihre Unterst\u00fctzung in Form der Nutzung der Missionarsstube und der pfleglichen Behandlung.<\/p>\n<p>Ihre<br \/>\nJohannes-Rebmann-Stiftung<br \/>\nGerlingen\/Deutschland<\/p>\n","protected":false},"excerpt":{"rendered":"<p>Nutzungshinweise f\u00fcr die Missionarsstube im Rebmannhaus, Kirchstra\u00dfe 18, 70839 Gerlingen - Dieses Merkblatt gibt die wichtigsten Informationen aus der aktuellen Benutzungsordnung wieder - Anmeldung von Besichtigung au\u00dferhalb der \u00d6ffnungszeiten und <a href=\"https:\/\/www.johannes-rebmann-stiftung.de\/cms\/rebmann-haus\/nutzungshinweise\/\" class=\"more-link\">...weiterlesen<span class=\"screen-reader-text\"> \"Nutzungshinweise\"<\/span><\/a><\/p>\n","protected":false},"author":1,"featured_media":0,"parent":8,"menu_order":0,"comment_status":"closed","ping_status":"closed","template":"","meta":{"ngg_post_thumbnail":0,"footnotes":""},"class_list":["post-98","page","type-page","status-publish","h-entry","hentry","h-as-page"],"_links":{"self":[{"href":"https:\/\/www.johannes-rebmann-stiftung.de\/cms\/wp-json\/wp\/v2\/pages\/98","targetHints":{"allow":["GET"]}}],"collection":[{"href":"https:\/\/www.johannes-rebmann-stiftung.de\/cms\/wp-json\/wp\/v2\/pages"}],"about":[{"href":"https:\/\/www.johannes-rebmann-stiftung.de\/cms\/wp-json\/wp\/v2\/types\/page"}],"author":[{"embeddable":true,"href":"https:\/\/www.johannes-rebmann-stiftung.de\/cms\/wp-json\/wp\/v2\/users\/1"}],"replies":[{"embeddable":true,"href":"https:\/\/www.johannes-rebmann-stiftung.de\/cms\/wp-json\/wp\/v2\/comments?post=98"}],"version-history":[{"count":13,"href":"https:\/\/www.johannes-rebmann-stiftung.de\/cms\/wp-json\/wp\/v2\/pages\/98\/revisions"}],"predecessor-version":[{"id":3061,"href":"https:\/\/www.johannes-rebmann-stiftung.de\/cms\/wp-json\/wp\/v2\/pages\/98\/revisions\/3061"}],"up":[{"embeddable":true,"href":"https:\/\/www.johannes-rebmann-stiftung.de\/cms\/wp-json\/wp\/v2\/pages\/8"}],"wp:attachment":[{"href":"https:\/\/www.johannes-rebmann-stiftung.de\/cms\/wp-json\/wp\/v2\/media?parent=98"}],"curies":[{"name":"wp","href":"https:\/\/api.w.org\/{rel}","templated":true}]}}