{"id":96,"date":"2016-11-14T11:02:20","date_gmt":"2016-11-14T10:02:20","guid":{"rendered":"https:\/\/www.johannes-rebmann-stiftung.de\/cms\/?page_id=96"},"modified":"2020-04-27T17:42:12","modified_gmt":"2020-04-27T15:42:12","slug":"gebaeude","status":"publish","type":"page","link":"https:\/\/www.johannes-rebmann-stiftung.de\/cms\/rebmann-haus\/gebaeude\/","title":{"rendered":"Geb\u00e4ude"},"content":{"rendered":"<p>Das Rebmann-Haus ist ein 400 Jahre altes Fachwerkhaus und Geburtshaus von Johannes Rebmann. Es konnte 2003 - 2004 aufgrund einer B\u00fcrgerinitiative restauriert werden und hat heute mit der \"Missionarsstube\" eine Gedenkst\u00e4tte f\u00fcr die Gerlinger Missionare, die inzwischen zur Begegnungsst\u00e4tte wurde.<\/p>\n<p><img loading=\"lazy\" decoding=\"async\" class=\"alignnone wp-image-184 size-full\" src=\"https:\/\/www.johannes-rebmann-stiftung.de\/cms\/wp-content\/uploads\/2016\/11\/Gebauede.jpg\" alt=\"gebauede\" width=\"626\" height=\"716\" srcset=\"https:\/\/www.johannes-rebmann-stiftung.de\/cms\/wp-content\/uploads\/2016\/11\/Gebauede.jpg 626w, https:\/\/www.johannes-rebmann-stiftung.de\/cms\/wp-content\/uploads\/2016\/11\/Gebauede-262x300.jpg 262w\" sizes=\"auto, (max-width: 626px) 100vw, 626px\" \/><\/p>\n<p>Schon vor der \u00f6ffentlichen Einweihung am 9. Januar 2004 war das Rebmann-Haus Publikumsmagnet - mit einer Vernissage im September 2003.<\/p>\n<p><img loading=\"lazy\" decoding=\"async\" class=\"size-full wp-image-1148 alignleft\" src=\"https:\/\/www.johannes-rebmann-stiftung.de\/cms\/wp-content\/uploads\/2017\/07\/vernissage.gif\" alt=\"\" width=\"213\" height=\"283\"><\/p>\n<p>Das Haus ist nicht nur eine Erinnerung an die missionarische Arbeit von Rebmann, sondern auch ein Zeichen f\u00fcr die Weltoffenheit der Gerlinger. Im Laufe von \u00fcber hundert Jahren zogen etliche begabte, charakterfeste und glaubensstarke Bauerns\u00f6hne aus enger d\u00f6rflicher Heimat hinaus ins unbekannte Afrika, Indien oder China. Nach dem zweiten Weltkrieg reisten Frauen und M\u00e4nner aus Gerlingen als Missionare oder Entwicklungshelfer in alle Welt, vor allem nach Asien, Australien und S\u00fcdamerika.<\/p>\n<p>Internationaler Besuch war auch zur Er\u00f6ffnung des restaurierten Rebmann-Hauses anwesend. Im Film \"Der Einzug des K\u00f6nigs\" berichtete der SWR vom Besuch des K\u00f6nigs Nene Sakite II aus dem Kroboland. Download Filmdatei Format WMV (<a href=\"https:\/\/www.johannes-rebmann-stiftung.de\/cms\/wp-content\/uploads\/2016\/11\/Rebmann_klein.wmv\">2,43 MB<\/a>) oder (<a href=\"https:\/\/www.johannes-rebmann-stiftung.de\/cms\/wp-content\/uploads\/2016\/11\/Rebmann-1.wmv\">4,79 MB<\/a>).<\/p>\n<p>&nbsp;<\/p>\n<p><strong>\u00d6ffnungszeiten Missionarsstube:<\/strong><br \/>\nSonntags von 10-12 Uhr und von 14-17 Uhr.<\/p>\n<p>Um vorherige Anmeldung im Stadtmuseum wird gebeten, dort erhalten Sie auch den Schl\u00fcssel f\u00fcr die Missionarsstube. F\u00fchrungen sind auf Anfrage m\u00f6glich.<\/p>\n","protected":false},"excerpt":{"rendered":"<p>Das Rebmann-Haus ist ein 400 Jahre altes Fachwerkhaus und Geburtshaus von Johannes Rebmann. Es konnte 2003 - 2004 aufgrund einer B\u00fcrgerinitiative restauriert werden und hat heute mit der \"Missionarsstube\" eine <a href=\"https:\/\/www.johannes-rebmann-stiftung.de\/cms\/rebmann-haus\/gebaeude\/\" class=\"more-link\">...weiterlesen<span class=\"screen-reader-text\"> \"Geb\u00e4ude\"<\/span><\/a><\/p>\n","protected":false},"author":1,"featured_media":0,"parent":8,"menu_order":0,"comment_status":"closed","ping_status":"closed","template":"","meta":{"ngg_post_thumbnail":0,"footnotes":""},"class_list":["post-96","page","type-page","status-publish","h-entry","hentry","h-as-page"],"_links":{"self":[{"href":"https:\/\/www.johannes-rebmann-stiftung.de\/cms\/wp-json\/wp\/v2\/pages\/96","targetHints":{"allow":["GET"]}}],"collection":[{"href":"https:\/\/www.johannes-rebmann-stiftung.de\/cms\/wp-json\/wp\/v2\/pages"}],"about":[{"href":"https:\/\/www.johannes-rebmann-stiftung.de\/cms\/wp-json\/wp\/v2\/types\/page"}],"author":[{"embeddable":true,"href":"https:\/\/www.johannes-rebmann-stiftung.de\/cms\/wp-json\/wp\/v2\/users\/1"}],"replies":[{"embeddable":true,"href":"https:\/\/www.johannes-rebmann-stiftung.de\/cms\/wp-json\/wp\/v2\/comments?post=96"}],"version-history":[{"count":17,"href":"https:\/\/www.johannes-rebmann-stiftung.de\/cms\/wp-json\/wp\/v2\/pages\/96\/revisions"}],"predecessor-version":[{"id":2562,"href":"https:\/\/www.johannes-rebmann-stiftung.de\/cms\/wp-json\/wp\/v2\/pages\/96\/revisions\/2562"}],"up":[{"embeddable":true,"href":"https:\/\/www.johannes-rebmann-stiftung.de\/cms\/wp-json\/wp\/v2\/pages\/8"}],"wp:attachment":[{"href":"https:\/\/www.johannes-rebmann-stiftung.de\/cms\/wp-json\/wp\/v2\/media?parent=96"}],"curies":[{"name":"wp","href":"https:\/\/api.w.org\/{rel}","templated":true}]}}