{"id":94,"date":"2016-11-14T11:01:38","date_gmt":"2016-11-14T10:01:38","guid":{"rendered":"https:\/\/www.johannes-rebmann-stiftung.de\/cms\/?page_id=94"},"modified":"2020-11-20T08:39:35","modified_gmt":"2020-11-20T07:39:35","slug":"missionarsstube","status":"publish","type":"page","link":"https:\/\/www.johannes-rebmann-stiftung.de\/cms\/rebmann-haus\/missionarsstube\/","title":{"rendered":"Missionarsstube"},"content":{"rendered":"<p>Die ehemalige \"gute Stube\" im Erdgeschoss dient heute als lebendiges Museum und informiert in Schaubildern und in einem 25-Minuten-Video \u00fcber die weltweite Arbeit der Gerlinger Missionare.<\/p>\n<p><img loading=\"lazy\" decoding=\"async\" class=\"alignnone wp-image-116 size-full\" src=\"https:\/\/www.johannes-rebmann-stiftung.de\/cms\/wp-content\/uploads\/2016\/11\/Trauprospekt_6.jpg\" alt=\"trauprospekt_6\" width=\"517\" height=\"345\" srcset=\"https:\/\/www.johannes-rebmann-stiftung.de\/cms\/wp-content\/uploads\/2016\/11\/Trauprospekt_6.jpg 517w, https:\/\/www.johannes-rebmann-stiftung.de\/cms\/wp-content\/uploads\/2016\/11\/Trauprospekt_6-300x200.jpg 300w\" sizes=\"auto, (max-width: 517px) 100vw, 517px\" \/><\/p>\n<p><strong>\u00d6ffnungszeiten Missionarsstube:<\/strong><br \/>\nSonntags von 10-12 Uhr und von 14-17 Uhr.<\/p>\n<p>Um vorherige Anmeldung im Stadtmuseum wird gebeten, dort erhalten Sie auch den Schl\u00fcssel f\u00fcr die Missionarsstube. F\u00fchrungen sind auf Anfrage m\u00f6glich.<\/p>\n<p>Sie k\u00f6nnen die Missionarsstube auch f\u00fcr Seminare oder kleine private Feiern nutzen. Interesse? Dann wenden Sie sich bitte an das Gemeindeb\u00fcro der Evangelischen Kirchengemeinde Petrus und Lukas Gerlingen, Tel. +49(0)7156 9201-0. Dort erfahren Sie auch, mit welchen Kosten die Nutzung in Ihrem Fall verbunden ist.<br \/>\nDetail-Informationen finden Sie in den <a href=\"https:\/\/www.johannes-rebmann-stiftung.de\/cms\/rebmann-haus\/nutzungshinweise\/\">Nutzungshinweisen<\/a> und im <a href=\"https:\/\/www.johannes-rebmann-stiftung.de\/cms\/rebmann-haus\/trauungen\/\">Merkblatt f\u00fcr standesamtliche Trauungen<\/a> in der Missionarsstube.<\/p>\n","protected":false},"excerpt":{"rendered":"<p>Die ehemalige \"gute Stube\" im Erdgeschoss dient heute als lebendiges Museum und informiert in Schaubildern und in einem 25-Minuten-Video \u00fcber die weltweite Arbeit der Gerlinger Missionare. \u00d6ffnungszeiten Missionarsstube: Sonntags von <a href=\"https:\/\/www.johannes-rebmann-stiftung.de\/cms\/rebmann-haus\/missionarsstube\/\" class=\"more-link\">...weiterlesen<span class=\"screen-reader-text\"> \"Missionarsstube\"<\/span><\/a><\/p>\n","protected":false},"author":1,"featured_media":0,"parent":8,"menu_order":0,"comment_status":"closed","ping_status":"closed","template":"","meta":{"ngg_post_thumbnail":0,"footnotes":""},"class_list":["post-94","page","type-page","status-publish","h-entry","hentry","h-as-page"],"_links":{"self":[{"href":"https:\/\/www.johannes-rebmann-stiftung.de\/cms\/wp-json\/wp\/v2\/pages\/94","targetHints":{"allow":["GET"]}}],"collection":[{"href":"https:\/\/www.johannes-rebmann-stiftung.de\/cms\/wp-json\/wp\/v2\/pages"}],"about":[{"href":"https:\/\/www.johannes-rebmann-stiftung.de\/cms\/wp-json\/wp\/v2\/types\/page"}],"author":[{"embeddable":true,"href":"https:\/\/www.johannes-rebmann-stiftung.de\/cms\/wp-json\/wp\/v2\/users\/1"}],"replies":[{"embeddable":true,"href":"https:\/\/www.johannes-rebmann-stiftung.de\/cms\/wp-json\/wp\/v2\/comments?post=94"}],"version-history":[{"count":6,"href":"https:\/\/www.johannes-rebmann-stiftung.de\/cms\/wp-json\/wp\/v2\/pages\/94\/revisions"}],"predecessor-version":[{"id":2691,"href":"https:\/\/www.johannes-rebmann-stiftung.de\/cms\/wp-json\/wp\/v2\/pages\/94\/revisions\/2691"}],"up":[{"embeddable":true,"href":"https:\/\/www.johannes-rebmann-stiftung.de\/cms\/wp-json\/wp\/v2\/pages\/8"}],"wp:attachment":[{"href":"https:\/\/www.johannes-rebmann-stiftung.de\/cms\/wp-json\/wp\/v2\/media?parent=94"}],"curies":[{"name":"wp","href":"https:\/\/api.w.org\/{rel}","templated":true}]}}