{"id":92,"date":"2016-11-14T11:00:56","date_gmt":"2016-11-14T10:00:56","guid":{"rendered":"https:\/\/www.johannes-rebmann-stiftung.de\/cms\/?page_id=92"},"modified":"2020-11-20T08:49:59","modified_gmt":"2020-11-20T07:49:59","slug":"trauungen","status":"publish","type":"page","link":"https:\/\/www.johannes-rebmann-stiftung.de\/cms\/rebmann-haus\/trauungen\/","title":{"rendered":"Trauungen"},"content":{"rendered":"<p><strong>Merkblatt<\/strong><\/p>\n<p>f\u00fcr standesamtliche Trauungen in der Missionarsstube des Johannes-Rebmann-Hauses in Gerlingen, Kirchstra\u00dfe 18<\/p>\n<p><img loading=\"lazy\" decoding=\"async\" class=\"alignnone wp-image-126 size-full\" src=\"https:\/\/www.johannes-rebmann-stiftung.de\/cms\/wp-content\/uploads\/2016\/11\/trauung2.jpg\" alt=\"trauung2\" width=\"585\" height=\"201\" srcset=\"https:\/\/www.johannes-rebmann-stiftung.de\/cms\/wp-content\/uploads\/2016\/11\/trauung2.jpg 585w, https:\/\/www.johannes-rebmann-stiftung.de\/cms\/wp-content\/uploads\/2016\/11\/trauung2-300x103.jpg 300w\" sizes=\"auto, (max-width: 585px) 100vw, 585px\" \/><\/p>\n<p>Die Stadt Gerlingen und die Johannes-Rebmann-Stiftung (rechtsf\u00e4hige Stiftung des privaten Rechts) haben vereinbart, Brautpaaren, welche die Absicht haben, sich in Gerlingen standesamtlich trauen zu lassen, die M\u00f6glichkeit anzubieten, sich auch in der Missionarsstube des Johannes-Rebmann-Hauses standesamtlich trauen zu lassen. F\u00fcr die Dauer einer standesamtlichen Trauung wird der Stadt Gerlingen von der Johannes-Rebmann-Stiftung das Hausrecht in der Missionarsstube einger\u00e4umt.<\/p>\n<p><img loading=\"lazy\" decoding=\"async\" class=\"alignnone wp-image-120\" src=\"https:\/\/www.johannes-rebmann-stiftung.de\/cms\/wp-content\/uploads\/2016\/11\/Img_3777.jpg\" alt=\"img_3777\" width=\"585\" height=\"390\" srcset=\"https:\/\/www.johannes-rebmann-stiftung.de\/cms\/wp-content\/uploads\/2016\/11\/Img_3777.jpg 600w, https:\/\/www.johannes-rebmann-stiftung.de\/cms\/wp-content\/uploads\/2016\/11\/Img_3777-300x200.jpg 300w\" sizes=\"auto, (max-width: 585px) 100vw, 585px\" \/><\/p>\n<p>Trauungen in der historischen Missionarsstube weichen auf Grund der gegebenen R\u00e4umlichkeiten von Trauungen im Rathaus ab. Nachfolgend die wesentlichen Abweichungen und Hinweise bei Trauungen in der Missionarsstube:<\/p>\n<ol>\n<li style=\"list-style-type: none;\">\n<ol>\n<li>Standesamtliche Trauungen in der Missionarsstube des Johannes Rebmannhauses sind jederzeit ohne rechtliche Einschr\u00e4nkungen zu den gleichen Zeiten wie im Rathaus Gerlingen (Dienststunden des Standesamts Gerlingen) m\u00f6glich.<\/li>\n<li>Das Fassungsverm\u00f6gen der Missionarsstube bel\u00e4uft sich auf max. 20 Personen. Die Bestuhlung der Missionarsstube bei einer standesamtlichen Trauung wird von der Johannes-Rebmann-Stiftung vorgenommen. Die Anzahl der zu stellenden St\u00fchle wird unter Ber\u00fccksichtigung der bestehenden r\u00e4umlichen M\u00f6glichkeiten von den Brautleuten bestimmt.<\/li>\n<li>Die Brautleute haben die M\u00f6glichkeit, die Missionarsstube vorab zu besichtigen. Der Schl\u00fcssel f\u00fcr die Missionarsstube (Kirchstra\u00dfe 18) ist w\u00e4hrend der \u00fcblichen \u00d6ffnungszeiten im Gemeindeb\u00fcro der evangelischen Kirchengemeinde Petrus und Lukas (Kirchstra\u00dfe 40 - Tel. 07156-92010) gegen Hinterlegung einer Sicherheitsgeb\u00fchr von 20.- \u20ac, die bei R\u00fcckgabe des Schl\u00fcssels zur\u00fcckerstattet wird, erh\u00e4ltlich. Dasselbe gilt auch f\u00fcr die Trauung selbst. Der Schl\u00fcssel ist sp\u00e4testens am n\u00e4chsten Werktag nach der Trauung gegen Erstattung der hinterlegten Geb\u00fchr im Gemeindeb\u00fcro zur\u00fcckzugeben.<\/li>\n<li>Der Blumenschmuck f\u00fcr die Trauung ist, falls gew\u00fcnscht, durch die Brautleute selbst zu besorgen.<\/li>\n<li>Ein nach der Trauung geplanter Umtrunk ist jederzeit m\u00f6glich. Auf Wunsch kann hierzu der Hofraum vor dem Eingang zur Missionarsstube benutzt werden. Getr\u00e4nke und Geschirr sind gegebenenfalls von den Brautleuten zu besorgen. Missionarsstube und Hofraum sind nach der Trauung bzw. nach dem Umtrunk wieder in dem zuvor angetroffenen Zustand zu verlassen.<\/li>\n<li>F\u00fcr die Benutzung der Missionarsstube sowie f\u00fcr anfallende Energie- und Reinigungskosten wird von den Brautleuten ein pauschaler Kostenersatz in H\u00f6he von 100.- \u20ac erhoben, der vom Standesbeamten eingezogen wird.<\/li>\n<li>Parkm\u00f6glichkeiten sind in der ca. 150 m entfernten Tiefgarage in der Schillerstra\u00dfe vorhanden.<\/li>\n<\/ol>\n<\/li>\n<\/ol>\n<p>Johannes \u2013 Rebmann \u2013 Stiftung<br \/>\nDer Vorstand<\/p>\n","protected":false},"excerpt":{"rendered":"<p>Merkblatt f\u00fcr standesamtliche Trauungen in der Missionarsstube des Johannes-Rebmann-Hauses in Gerlingen, Kirchstra\u00dfe 18 Die Stadt Gerlingen und die Johannes-Rebmann-Stiftung (rechtsf\u00e4hige Stiftung des privaten Rechts) haben vereinbart, Brautpaaren, welche die Absicht <a href=\"https:\/\/www.johannes-rebmann-stiftung.de\/cms\/rebmann-haus\/trauungen\/\" class=\"more-link\">...weiterlesen<span class=\"screen-reader-text\"> \"Trauungen\"<\/span><\/a><\/p>\n","protected":false},"author":1,"featured_media":0,"parent":8,"menu_order":0,"comment_status":"closed","ping_status":"closed","template":"","meta":{"ngg_post_thumbnail":0,"footnotes":""},"class_list":["post-92","page","type-page","status-publish","h-entry","hentry","h-as-page"],"_links":{"self":[{"href":"https:\/\/www.johannes-rebmann-stiftung.de\/cms\/wp-json\/wp\/v2\/pages\/92","targetHints":{"allow":["GET"]}}],"collection":[{"href":"https:\/\/www.johannes-rebmann-stiftung.de\/cms\/wp-json\/wp\/v2\/pages"}],"about":[{"href":"https:\/\/www.johannes-rebmann-stiftung.de\/cms\/wp-json\/wp\/v2\/types\/page"}],"author":[{"embeddable":true,"href":"https:\/\/www.johannes-rebmann-stiftung.de\/cms\/wp-json\/wp\/v2\/users\/1"}],"replies":[{"embeddable":true,"href":"https:\/\/www.johannes-rebmann-stiftung.de\/cms\/wp-json\/wp\/v2\/comments?post=92"}],"version-history":[{"count":11,"href":"https:\/\/www.johannes-rebmann-stiftung.de\/cms\/wp-json\/wp\/v2\/pages\/92\/revisions"}],"predecessor-version":[{"id":2700,"href":"https:\/\/www.johannes-rebmann-stiftung.de\/cms\/wp-json\/wp\/v2\/pages\/92\/revisions\/2700"}],"up":[{"embeddable":true,"href":"https:\/\/www.johannes-rebmann-stiftung.de\/cms\/wp-json\/wp\/v2\/pages\/8"}],"wp:attachment":[{"href":"https:\/\/www.johannes-rebmann-stiftung.de\/cms\/wp-json\/wp\/v2\/media?parent=92"}],"curies":[{"name":"wp","href":"https:\/\/api.w.org\/{rel}","templated":true}]}}