{"id":871,"date":"2017-05-09T18:13:32","date_gmt":"2017-05-09T16:13:32","guid":{"rendered":"https:\/\/www.johannes-rebmann-stiftung.de\/cms\/?page_id=871"},"modified":"2020-04-27T15:28:14","modified_gmt":"2020-04-27T13:28:14","slug":"zimmermann-christoph","status":"publish","type":"page","link":"https:\/\/www.johannes-rebmann-stiftung.de\/cms\/missionare-aus-gerlingen\/erste-missionare\/zimmermann-christoph\/","title":{"rendered":"Zimmermann, Christoph"},"content":{"rendered":"<p><img loading=\"lazy\" decoding=\"async\" class=\"alignnone size-full wp-image-880\" src=\"https:\/\/www.johannes-rebmann-stiftung.de\/cms\/wp-content\/uploads\/2017\/05\/Zimmermann_Christoph3.jpg\" alt=\"\" width=\"795\" height=\"511\" srcset=\"https:\/\/www.johannes-rebmann-stiftung.de\/cms\/wp-content\/uploads\/2017\/05\/Zimmermann_Christoph3.jpg 795w, https:\/\/www.johannes-rebmann-stiftung.de\/cms\/wp-content\/uploads\/2017\/05\/Zimmermann_Christoph3-300x193.jpg 300w, https:\/\/www.johannes-rebmann-stiftung.de\/cms\/wp-content\/uploads\/2017\/05\/Zimmermann_Christoph3-768x494.jpg 768w\" sizes=\"auto, (max-width: 795px) 100vw, 795px\" \/><\/p>\n<p><em>Christoph Zimmermann (Mitte) mit 2 Lehrer-Kollegen und Katechistensch\u00fclern in Akropong. Quelle: <a href=\"http:\/\/www.bmarchives.org\/items\/show\/70074\" target=\"_blank\" rel=\"noopener noreferrer\">Basler Mission 21<\/a>.<\/em><\/p>\n<p>Christoph Zimmermann wird 1838 in Gerlingen als \"kleiner Bruder\" des bekannteren <a href=\"https:\/\/www.johannes-rebmann-stiftung.de\/cms\/missionare-aus-gerlingen\/johannes-zimmermann\/\">Johannes Zimmermann<\/a> geboren.<\/p>\n<p>Bei seinem Stiefvater erlernt er das B\u00e4ckerhandwerk. 1854 besteht er das Landexamen, 1856 wird er ins Esslinger Lehrerseminar aufgenommen.<\/p>\n<p>Christoph Zimmermann war 12 Jahre alt, als sein Bruder Johannes an die Goldk\u00fcste ausreiste. Schon damals tr\u00e4umte er davon, es ihm gleichzutun und auch Missionar oder Lehrer zu werden. Die finanziellen Verh\u00e4ltnisse hatten es nicht erlaubt, ihm eine gute Schulbildung in Korntal zu erm\u00f6glichen. Seine Mutter war 1841 gestorben, sein Vater - der wieder geheiratet hatte - 1846 bei der gro\u00dfen Thyphus-Epedemie in Gerlingen.<\/p>\n<p>Nach der Aufforderung seines Bruders Johannes, nach Afrika zu kommen, um dessen Kinder zu unterrichten und sie die deutsche Sprache zu lehren, bricht Christoph Zimmermann die Ausbildung im Lehrerseminar ab. Mit dem Gerlinger Missionar Jakob Heck reist er zur Goldk\u00fcste.<\/p>\n<p>Am 27. Dezember 1856 trifft Christoph Zimmermann bei seinem Bruder Johannes in Akropong ein. Christoph erkennt seinen von schweren Krankheiten gezeichneten \u00e4lteren Bruder fast nicht mehr.<\/p>\n<p>Er beginnt nach dem Erscheinungsfest, die Kinder seines Bruders zu unterrichten und hilft ihm bei schriftlichen Arbeiten. Er erlernt die G\u00e3-Sprache, die in seines Bruders Familie gesprochen wird. Bald macht ihm das Klima zu schaffen. Ihn plagt das Gallenfieber und er leidet an schmerzlichen Geschw\u00fcren, so dass sein Bruder Johannes sich um sein Leben \u00e4ngstigt.<\/p>\n<p>Das Basler Missionshaus \u00fcbernimmt Christoph Zimmermann und ordiniert ihn 1864 in Akropong, wo er bereits 1862 die Knabenschule \u00fcbernommen hatte. Jeden Monat unternimmt er mit seinen Sch\u00fclern Predigtreisen, unterweist sie in Handarbeit (sie m\u00fcssen ihre Kleider selbst n\u00e4hen) und besch\u00e4ftigt sie bei der Landarbeit. Neben Schulunterricht h\u00e4lt er Sonntags- und Abendschule, die von mehr als einem Dutzend junger M\u00e4nner besucht wird. Er lehrt Rechnen, Schreiben, Lesen, Biblische Gesichte und Geografie.<\/p>\n<p>Das Missionshaus gibt ihm Maria Pfuderer aus Hattenhofen zur Ehefrau. 1867 wird das erste T\u00f6chterchen geboren, das jedoch bald stirbt.<\/p>\n<p>1867 wechselt Christoph Zimmermann nach Abokobi. Dort geht es ihm gesundheitlich besser, aber \"dennoch f\u00fchle ich, dass meine Kr\u00e4fte immer mehr abnehmen\". Er bittet um Europaurlaub. Im Mai 1868 kommt er in Liverpool an. In der Heimat erholt er sich wieder, kehrt aber nicht mehr an die Goldk\u00fcste zur\u00fcck, sondern reist nach Amerika, wo er ab 1870 in Ann Arbor, Michigan, und in Port Huron Pastorenstellen \u00fcbernimmt.<\/p>\n<p>Am 10. Mai 1890 stirbt Christoph Zimmermann in Amerika.<\/p>\n","protected":false},"excerpt":{"rendered":"<p>Christoph Zimmermann (Mitte) mit 2 Lehrer-Kollegen und Katechistensch\u00fclern in Akropong. Quelle: Basler Mission 21. Christoph Zimmermann wird 1838 in Gerlingen als \"kleiner Bruder\" des bekannteren Johannes Zimmermann geboren. Bei seinem <a href=\"https:\/\/www.johannes-rebmann-stiftung.de\/cms\/missionare-aus-gerlingen\/erste-missionare\/zimmermann-christoph\/\" class=\"more-link\">...weiterlesen<span class=\"screen-reader-text\"> \"Zimmermann, Christoph\"<\/span><\/a><\/p>\n","protected":false},"author":1,"featured_media":0,"parent":913,"menu_order":0,"comment_status":"closed","ping_status":"closed","template":"","meta":{"ngg_post_thumbnail":0,"footnotes":""},"class_list":["post-871","page","type-page","status-publish","h-entry","hentry","h-as-page"],"_links":{"self":[{"href":"https:\/\/www.johannes-rebmann-stiftung.de\/cms\/wp-json\/wp\/v2\/pages\/871","targetHints":{"allow":["GET"]}}],"collection":[{"href":"https:\/\/www.johannes-rebmann-stiftung.de\/cms\/wp-json\/wp\/v2\/pages"}],"about":[{"href":"https:\/\/www.johannes-rebmann-stiftung.de\/cms\/wp-json\/wp\/v2\/types\/page"}],"author":[{"embeddable":true,"href":"https:\/\/www.johannes-rebmann-stiftung.de\/cms\/wp-json\/wp\/v2\/users\/1"}],"replies":[{"embeddable":true,"href":"https:\/\/www.johannes-rebmann-stiftung.de\/cms\/wp-json\/wp\/v2\/comments?post=871"}],"version-history":[{"count":3,"href":"https:\/\/www.johannes-rebmann-stiftung.de\/cms\/wp-json\/wp\/v2\/pages\/871\/revisions"}],"predecessor-version":[{"id":2489,"href":"https:\/\/www.johannes-rebmann-stiftung.de\/cms\/wp-json\/wp\/v2\/pages\/871\/revisions\/2489"}],"up":[{"embeddable":true,"href":"https:\/\/www.johannes-rebmann-stiftung.de\/cms\/wp-json\/wp\/v2\/pages\/913"}],"wp:attachment":[{"href":"https:\/\/www.johannes-rebmann-stiftung.de\/cms\/wp-json\/wp\/v2\/media?parent=871"}],"curies":[{"name":"wp","href":"https:\/\/api.w.org\/{rel}","templated":true}]}}