{"id":8,"date":"2016-07-01T12:39:16","date_gmt":"2016-07-01T10:39:16","guid":{"rendered":"https:\/\/www.johannes-rebmann-stiftung.de\/cms\/?page_id=8"},"modified":"2020-11-20T08:40:54","modified_gmt":"2020-11-20T07:40:54","slug":"rebmann-haus","status":"publish","type":"page","link":"https:\/\/www.johannes-rebmann-stiftung.de\/cms\/rebmann-haus\/","title":{"rendered":"Rebmann-Haus"},"content":{"rendered":"<p>Das ist sie, die Missionarsstube im Geburtshaus von Johannes Rebmann in der Kirchstra\u00dfe 18 in Gerlingen.<\/p>\n<p>Das Rebmann-Haus konnte aufgrund einer B\u00fcrgerinitiative restauriert werden und hat heute mit der \"Missionarsstube\" eine Gedenkst\u00e4tte f\u00fcr die Gerlinger Missionare, die inzwischen zur Begegnungsst\u00e4tte wurde.<\/p>\n<p>Schon vor der \u00f6ffentlichen Einweihung im Januar 2004 war das Rebmann-Haus Publikumsmagnet - mit einer Vernissage im September 2003.<\/p>\n<p>Das Haus ist nicht nur eine Erinnerung an die missionarische Arbeit von Rebmann, sondern auch ein Zeichen f\u00fcr die Weltoffenheit der Gerlinger. Im Laufe von \u00fcber hundert Jahren zogen etliche begabte, charakterfeste und glaubensstarke Bauerns\u00f6hne aus enger d\u00f6rflicher Heimat hinaus ins unbekannte Afrika, Indien oder China. Nach dem zweiten Weltkrieg reisten Frauen und M\u00e4nner aus Gerlingen als Missionare oder Entwicklungshelfer in alle Welt, vor allem nach Asien, Australien und S\u00fcdamerika.<\/p>\n<p>Internationaler Besuch war auch zur Er\u00f6ffnung des restaurierten Rebmann-Hauses anwesend. Im Film \"Der Einzug des K\u00f6nigs\" berichtete der SWR vom Besuch des K\u00f6nigs Nene Sakite II aus dem Kroboland. Download Filmdatei Format WMV (<a href=\"https:\/\/www.johannes-rebmann-stiftung.de\/share\/Rebmann_klein.WMV\">2,43 MB<\/a>) oder (<a href=\"https:\/\/www.johannes-rebmann-stiftung.de\/share\/Rebmann.WMV\">4,79 MB<\/a>)<\/p>\n<p>Die ehemalige \"gute Stube\" im Erdgeschoss dient heute als lebendiges Museum und informiert in Schaubildern und in einem 25-Minuten-Video \u00fcber die weltweite Arbeit der Gerlinger Missionare.<\/p>\n<p>Sie k\u00f6nnen die Missionarsstube auch f\u00fcr Seminare oder kleine private Feiern nutzen. Interesse? Dann wenden Sie sich bitte an das Gemeindeb\u00fcro der Evangelischen Kirchengemeinde Petrus und Lukas Gerlingen, Tel. +49(0)7156 9201-0. Dort erfahren Sie auch, mit welchen Kosten die Nutzung in Ihrem Fall verbunden ist.<br \/>\nDetail-Informationen finden Sie in den <a href=\"https:\/\/www.johannes-rebmann-stiftung.de\/de\/nutzungshinweise.pdf\">Nutzungshinweisen<\/a> und im <a href=\"https:\/\/www.johannes-rebmann-stiftung.de\/de\/merkblatt_trauung.pdf\">Merkblatt f\u00fcr standesamtliche Trauungen<\/a> in der Missionarsstube. Die <a href=\"https:\/\/www.johannes-rebmann-stiftung.de\/de\/Trauzimmer_Rebmannhaus.pdf\">Foto-Impressionen<\/a> (pdf, 300 KB) geben Ihnen einen Eindruck zur Atmosph\u00e4re in der Missionarsstube.<\/p>\n","protected":false},"excerpt":{"rendered":"<p>Das ist sie, die Missionarsstube im Geburtshaus von Johannes Rebmann in der Kirchstra\u00dfe 18 in Gerlingen. Das Rebmann-Haus konnte aufgrund einer B\u00fcrgerinitiative restauriert werden und hat heute mit der \"Missionarsstube\" <a href=\"https:\/\/www.johannes-rebmann-stiftung.de\/cms\/rebmann-haus\/\" class=\"more-link\">...weiterlesen<span class=\"screen-reader-text\"> \"Rebmann-Haus\"<\/span><\/a><\/p>\n","protected":false},"author":1,"featured_media":0,"parent":0,"menu_order":0,"comment_status":"closed","ping_status":"closed","template":"","meta":{"ngg_post_thumbnail":0,"footnotes":""},"class_list":["post-8","page","type-page","status-publish","h-entry","hentry","h-as-page"],"_links":{"self":[{"href":"https:\/\/www.johannes-rebmann-stiftung.de\/cms\/wp-json\/wp\/v2\/pages\/8","targetHints":{"allow":["GET"]}}],"collection":[{"href":"https:\/\/www.johannes-rebmann-stiftung.de\/cms\/wp-json\/wp\/v2\/pages"}],"about":[{"href":"https:\/\/www.johannes-rebmann-stiftung.de\/cms\/wp-json\/wp\/v2\/types\/page"}],"author":[{"embeddable":true,"href":"https:\/\/www.johannes-rebmann-stiftung.de\/cms\/wp-json\/wp\/v2\/users\/1"}],"replies":[{"embeddable":true,"href":"https:\/\/www.johannes-rebmann-stiftung.de\/cms\/wp-json\/wp\/v2\/comments?post=8"}],"version-history":[{"count":4,"href":"https:\/\/www.johannes-rebmann-stiftung.de\/cms\/wp-json\/wp\/v2\/pages\/8\/revisions"}],"predecessor-version":[{"id":2693,"href":"https:\/\/www.johannes-rebmann-stiftung.de\/cms\/wp-json\/wp\/v2\/pages\/8\/revisions\/2693"}],"wp:attachment":[{"href":"https:\/\/www.johannes-rebmann-stiftung.de\/cms\/wp-json\/wp\/v2\/media?parent=8"}],"curies":[{"name":"wp","href":"https:\/\/api.w.org\/{rel}","templated":true}]}}