{"id":450,"date":"2017-05-03T10:14:19","date_gmt":"2017-05-03T08:14:19","guid":{"rendered":"https:\/\/www.johannes-rebmann-stiftung.de\/cms\/?page_id=450"},"modified":"2020-04-27T15:25:20","modified_gmt":"2020-04-27T13:25:20","slug":"hoehn-rudolf","status":"publish","type":"page","link":"https:\/\/www.johannes-rebmann-stiftung.de\/cms\/missionare-aus-gerlingen\/erste-missionare\/hoehn-rudolf\/","title":{"rendered":"H\u00f6hn, Rudolf"},"content":{"rendered":"<p><img loading=\"lazy\" decoding=\"async\" class=\"alignnone size-full wp-image-451\" src=\"https:\/\/www.johannes-rebmann-stiftung.de\/cms\/wp-content\/uploads\/2017\/05\/hoehn_r.gif\" alt=\"\" width=\"142\" height=\"163\"><\/p>\n<p>Rudolf H\u00f6hn wird am 16. August 1874 in Gerlingen als Sohn des Schmiedmeisters Johann Rudolf H\u00f6hn geboren.<\/p>\n<p>Schon w\u00e4hrend des Konfirmandenunterrichts bei Pfarrer M\u00f6rike befasst er sich mit dem Gedanken, einmal in die Mission zu gehen. Der Wunsch wird erneut ausgel\u00f6st, als er beruflich als Schmied mit den Steinbrechern im Krummbachtal zu tun hat, die ihn - nach eigenen Worten - in schlechte Gesellschaft geraten lassen, aus der ihn dann der Vorstand des J\u00fcnglingsvereins Gerlingen, Gottlieb Schweizer, heraus holt.<\/p>\n<p>1893 meldet Rudolf H\u00f6hn sich ins Basler Missionshaus, im Dezember 1896 wird er als Industrie-Bruder oder Handwerksmissionar (heute \"Technischer Missionar\") nach Balghat an die Westk\u00fcste Vorderindiens gesandt, wo er sich in die Arbeitsweise einer Ziegelei einarbeiten soll.<\/p>\n<p>Rudolf H\u00f6hn \u00fcber seine Entscheidung f\u00fcr die Mission: \"... der Lebenslauf meines Oheims, des Missionars Jakob Heck, wirkte in meinem Herzen so, dass ich durch ein flei\u00dfiges Gebet bekr\u00e4ftigt, den festen Entschluss fasste, dem Herrn in der Mission zu dienen.\"<\/p>\n<p>Rudolf H\u00f6hn entwickelt sich in Indien zum Ziegelei-Fachmann. Es fehlt in Indien an einer geeigneten Dachbedeckung: Es gab seit Urzeiten T\u00f6pfer und Ziegelmacher, aber deren Produkte hielten dem Monsunregen nicht stand. Die \"Missions-Ziegel\" dagegen waren - nachdem geeignete Brenn\u00f6fen entwickelt worden waren - leichter und wasserundurchl\u00e4ssig. Mit der Zeit wurden sie bis nach Westafrika und Malaysia verkauft.<\/p>\n<p>Briefe von Rudolf H\u00f6hn gibt es nicht, jedoch Briefe seiner Mitbr\u00fcder von seinen letzten Tagen. Da hei\u00dft es, dass er \"seit Samstag unwohl gewesen sei, was die Br\u00fcder veranlasst, ihn zu bewegen, auf der Station zu bleiben\". Nach wenigen Tagen stirbt er - am 21. Mai 1897, nur ein halbes Jahr nach seiner Ankunft in Indien.<\/p>\n<p>&nbsp;<\/p>\n","protected":false},"excerpt":{"rendered":"<p>Rudolf H\u00f6hn wird am 16. August 1874 in Gerlingen als Sohn des Schmiedmeisters Johann Rudolf H\u00f6hn geboren. Schon w\u00e4hrend des Konfirmandenunterrichts bei Pfarrer M\u00f6rike befasst er sich mit dem Gedanken, <a href=\"https:\/\/www.johannes-rebmann-stiftung.de\/cms\/missionare-aus-gerlingen\/erste-missionare\/hoehn-rudolf\/\" class=\"more-link\">...weiterlesen<span class=\"screen-reader-text\"> \"H\u00f6hn, Rudolf\"<\/span><\/a><\/p>\n","protected":false},"author":1,"featured_media":0,"parent":913,"menu_order":0,"comment_status":"closed","ping_status":"closed","template":"","meta":{"ngg_post_thumbnail":0,"footnotes":""},"class_list":["post-450","page","type-page","status-publish","h-entry","hentry","h-as-page"],"_links":{"self":[{"href":"https:\/\/www.johannes-rebmann-stiftung.de\/cms\/wp-json\/wp\/v2\/pages\/450","targetHints":{"allow":["GET"]}}],"collection":[{"href":"https:\/\/www.johannes-rebmann-stiftung.de\/cms\/wp-json\/wp\/v2\/pages"}],"about":[{"href":"https:\/\/www.johannes-rebmann-stiftung.de\/cms\/wp-json\/wp\/v2\/types\/page"}],"author":[{"embeddable":true,"href":"https:\/\/www.johannes-rebmann-stiftung.de\/cms\/wp-json\/wp\/v2\/users\/1"}],"replies":[{"embeddable":true,"href":"https:\/\/www.johannes-rebmann-stiftung.de\/cms\/wp-json\/wp\/v2\/comments?post=450"}],"version-history":[{"count":2,"href":"https:\/\/www.johannes-rebmann-stiftung.de\/cms\/wp-json\/wp\/v2\/pages\/450\/revisions"}],"predecessor-version":[{"id":2487,"href":"https:\/\/www.johannes-rebmann-stiftung.de\/cms\/wp-json\/wp\/v2\/pages\/450\/revisions\/2487"}],"up":[{"embeddable":true,"href":"https:\/\/www.johannes-rebmann-stiftung.de\/cms\/wp-json\/wp\/v2\/pages\/913"}],"wp:attachment":[{"href":"https:\/\/www.johannes-rebmann-stiftung.de\/cms\/wp-json\/wp\/v2\/media?parent=450"}],"curies":[{"name":"wp","href":"https:\/\/api.w.org\/{rel}","templated":true}]}}