{"id":446,"date":"2017-05-03T10:11:03","date_gmt":"2017-05-03T08:11:03","guid":{"rendered":"https:\/\/www.johannes-rebmann-stiftung.de\/cms\/?page_id=446"},"modified":"2020-04-27T15:23:12","modified_gmt":"2020-04-27T13:23:12","slug":"heck-jakob","status":"publish","type":"page","link":"https:\/\/www.johannes-rebmann-stiftung.de\/cms\/missionare-aus-gerlingen\/erste-missionare\/heck-jakob\/","title":{"rendered":"Heck, Jakob"},"content":{"rendered":"<p><img loading=\"lazy\" decoding=\"async\" class=\"alignnone size-full wp-image-1238\" src=\"https:\/\/www.johannes-rebmann-stiftung.de\/cms\/wp-content\/uploads\/2017\/07\/Heck_Jakob_klein.jpg\" alt=\"\" width=\"260\" height=\"348\" srcset=\"https:\/\/www.johannes-rebmann-stiftung.de\/cms\/wp-content\/uploads\/2017\/07\/Heck_Jakob_klein.jpg 260w, https:\/\/www.johannes-rebmann-stiftung.de\/cms\/wp-content\/uploads\/2017\/07\/Heck_Jakob_klein-224x300.jpg 224w\" sizes=\"auto, (max-width: 260px) 100vw, 260px\" \/><\/p>\n<p>Quelle: \u00a9 <a href=\"http:\/\/digitallibrary.usc.edu\/cdm\/singleitem\/collection\/p15799coll123\/id\/39057\/rec\/2\">bmarchives.org<\/a><\/p>\n<p>Jakob Heck wird in Gerlingen am 04. Mai 1832 als Sohn des Schmieds Johann Heck und seiner Frau Katharina, geb. Kruck, als \u00e4ltestes von sechs Geschwistern geboren (<a href=\"https:\/\/www.johannes-rebmann-stiftung.de\/cms\/wp-content\/uploads\/2017\/05\/Heck_Jakob_Stammtafel.pdf\">Link zur Ahnentafel<\/a>). Nach dem Tod seines Vaters verheiratet seine Mutter sich mit dem B\u00e4cker Elias Schmid.<\/p>\n<p>Jakob Heck erlernt das B\u00e4ckerhandwerk, allerdings \"ohne besondere Lust daran zu haben\". Eine epidemische Krankheit - vermutlich Typhus - wirft Jakob Heck f\u00fcr 12 Wochen aufs Krankenbett. Er ist l\u00e4ngere Zeit bewusstlos; seine Angeh\u00f6rigen warten 14 Tage lang auf sein Ende. Als er \u00fcberlebt, ist ihm \"im Inneren klar, das mich der Herr zu besonderem aufgehebt hat\".<\/p>\n<p>Die Predigten von Wilhelm Hofacker und vor allem die Abschiedspredigt von <a href=\"https:\/\/www.johannes-rebmann-stiftung.de\/cms\/missionare-aus-gerlingen\/johannes-zimmermann\/\">Johannes Zimmermann<\/a> in der Gerlinger Petruskirche verst\u00e4rken seinen lange im Geheimen gehegten Wunsch, Missionar zu werden. Ein Besuch des Missionsfestes in Basel 1850 gibt den letzten Ansto\u00df, im August 1851 im Missionhaus der Baseler Mission einzutreten. Nach 5-j\u00e4hriger Ausbildung wird Jakob Heck am 11. September 1856 an die Goldk\u00fcste entsandt.<\/p>\n<p>Gemeinsam mit <a href=\"https:\/\/www.johannes-rebmann-stiftung.de\/cms\/missionare-aus-gerlingen\/christoph-zimmermann\/\">Christoph Zimmermann<\/a> reist Jakob Heck \u00fcber Stra\u00dfburg, Paris und Le Havre nach London, um von dort ein Schiff zu nehmen. Ein Herbststurm wirft das Schiff \"Ida\" noch in der N\u00e4he der englischen K\u00fcste auf eine Klippe, wo es zerbricht. Heck und Zimmermann werden gerettet und kehren nach London zur\u00fcck. Im zweiten Anlauf gelingt die Fahrt.<\/p>\n<p>Jakob Heck findet seinen ersten Arbeitsposten in Christiansborg, anschlie\u00dfend wird er nach Abokobi im Aquapemgebirge versetzt. Er lernt die G\u00e3-Sprache, sp\u00e4ter noch das Adagme. Als bei Johannes Zimmermann in Odumase personelle Ver\u00e4nderungen eintreten, bittet Heck, ihn nach Odumase zu versetzen.<\/p>\n<p>Neben seinen Predigtreisen und der Gemeindearbeit hilft Jakob Heck in Odumase Johannes Zimmermann bei dessen \u00dcbersetzungs- und Sammelarbeiten.<br \/>\nAm 14. August 1860 heiratet Jakob Heck in Christiansborg Mina Rueff aus Winnenden. Seine Ehe ist nur kurz - 1862 sterben seine Frau und seine beiden Kinder. 1865 heiratet er die Schwester seiner ersten Frau, Catharina Louise. Ein Jahr sp\u00e4ter - am 11. Mai 1866 - stirbt Jakob Heck an einem Herzkrampf und wird in Christiansborg beerdigt. Seine Witwe kehrt nach W\u00fcrttemberg zur\u00fcck, wo sie hoch betagt 1928 stirbt.<\/p>\n<p><img loading=\"lazy\" decoding=\"async\" class=\"alignnone size-full wp-image-447\" src=\"https:\/\/www.johannes-rebmann-stiftung.de\/cms\/wp-content\/uploads\/2017\/05\/graeber_heck.gif\" alt=\"\" width=\"255\" height=\"124\"><\/p>\n<p>Jakob Heck schildert der Basler Mission am 29.07.1862 die Lebensbedingungen an der Goldk\u00fcste:<\/p>\n<p>\"... Nach fast 2-monatiger Zahnkrankheit starb unser geliebtes Erstgeborenes, Catharina Friedericke, am 20. Juni, und meine selige Frau litt damals bereits seit 4 Wochen an krampfartiger Diarrh\u00f6e, die sofort zur Dysenterie wurde. Ich selbst musste im Mai f\u00fcr 10 Tage das Bett h\u00fcten. Am 30. Juni wurde meine teure Frau infolge ihres Leidens 4 Wochen zu fr\u00fch von einem T\u00f6chterchen entbunden und entschlief an ihrem Leiden am 4. Juli. Am 6. taufte Bruder Zimmermann mein zweites Kindlein Johanna Maria, das der Herr am 14. Juli wieder abrief. Drei Gr\u00e4ber habe ich nun in Odumase, in denen die sterblichen \u00dcberreste meiner Liebsten auf Erden ruhen, bis sie auferstehen in Herrlichkeit! Vier Palmen \u00fcberschatten die drei Grabh\u00fcgel; die Mutter ruht in der Mitte, zu beiden Seiten unsere Kinder.\"<\/p>\n<p>Eine Gerlinger Delegation reiste im Herbst 1989 zum 50-j\u00e4hrigen Thronjubil\u00e4um des K\u00f6nigs Nene Azzu Mate Kole von Kroboland\/Ghana nach Odumase und besuchte die drei Heck\/Gr\u00e4ber von 1862, die heute noch zu sehen sind.<\/p>\n<p>\"Bruder Zimmermann \u00fcbernahm von mir am 16. September die Reinschrift des neuen G\u00e3-Gesangbuchs f\u00fcr den Druck, und ich erbot mich, ihm von seiner Arbeit an der Gemeinde abzunehmen. Die G\u00e3-Br\u00fcder w\u00fcnschen sehr, dass das Gesangbuch bald gedruckt in ihre Hand kommt, umso mehr, als das alte bald vergriffen und sehr mangelhaft ist.\"Diese Arbeit kostet Heck viel Zeit, Kraft, Schwei\u00df und schlaflose Nachtstunden \"und mancher Seufzer von mir stieg w\u00e4hrend derselben zum Herrn hinauf.\"<\/p>\n","protected":false},"excerpt":{"rendered":"<p>Quelle: \u00a9 bmarchives.org Jakob Heck wird in Gerlingen am 04. Mai 1832 als Sohn des Schmieds Johann Heck und seiner Frau Katharina, geb. Kruck, als \u00e4ltestes von sechs Geschwistern geboren <a href=\"https:\/\/www.johannes-rebmann-stiftung.de\/cms\/missionare-aus-gerlingen\/erste-missionare\/heck-jakob\/\" class=\"more-link\">...weiterlesen<span class=\"screen-reader-text\"> \"Heck, Jakob\"<\/span><\/a><\/p>\n","protected":false},"author":1,"featured_media":0,"parent":913,"menu_order":0,"comment_status":"closed","ping_status":"closed","template":"","meta":{"ngg_post_thumbnail":0,"footnotes":""},"class_list":["post-446","page","type-page","status-publish","h-entry","hentry","h-as-page"],"_links":{"self":[{"href":"https:\/\/www.johannes-rebmann-stiftung.de\/cms\/wp-json\/wp\/v2\/pages\/446","targetHints":{"allow":["GET"]}}],"collection":[{"href":"https:\/\/www.johannes-rebmann-stiftung.de\/cms\/wp-json\/wp\/v2\/pages"}],"about":[{"href":"https:\/\/www.johannes-rebmann-stiftung.de\/cms\/wp-json\/wp\/v2\/types\/page"}],"author":[{"embeddable":true,"href":"https:\/\/www.johannes-rebmann-stiftung.de\/cms\/wp-json\/wp\/v2\/users\/1"}],"replies":[{"embeddable":true,"href":"https:\/\/www.johannes-rebmann-stiftung.de\/cms\/wp-json\/wp\/v2\/comments?post=446"}],"version-history":[{"count":4,"href":"https:\/\/www.johannes-rebmann-stiftung.de\/cms\/wp-json\/wp\/v2\/pages\/446\/revisions"}],"predecessor-version":[{"id":2486,"href":"https:\/\/www.johannes-rebmann-stiftung.de\/cms\/wp-json\/wp\/v2\/pages\/446\/revisions\/2486"}],"up":[{"embeddable":true,"href":"https:\/\/www.johannes-rebmann-stiftung.de\/cms\/wp-json\/wp\/v2\/pages\/913"}],"wp:attachment":[{"href":"https:\/\/www.johannes-rebmann-stiftung.de\/cms\/wp-json\/wp\/v2\/media?parent=446"}],"curies":[{"name":"wp","href":"https:\/\/api.w.org\/{rel}","templated":true}]}}