{"id":396,"date":"2017-04-27T09:49:15","date_gmt":"2017-04-27T07:49:15","guid":{"rendered":"https:\/\/www.johannes-rebmann-stiftung.de\/cms\/?page_id=396"},"modified":"2020-04-27T16:00:55","modified_gmt":"2020-04-27T14:00:55","slug":"zimmermann-johannes-gedenkstein","status":"publish","type":"page","link":"https:\/\/www.johannes-rebmann-stiftung.de\/cms\/missionare-aus-gerlingen\/johannes-zimmermann\/zimmermann-johannes-gedenkstein\/","title":{"rendered":"Zimmermann, Johannes &#8211; Gedenkstein"},"content":{"rendered":"<p><strong>Die Inschrift des Gedenksteins lautet:<\/strong><\/p>\n<p><img loading=\"lazy\" decoding=\"async\" class=\"alignnone wp-image-394\" src=\"https:\/\/www.johannes-rebmann-stiftung.de\/cms\/wp-content\/uploads\/2017\/04\/petruskirche_gedenktafel.gif\" alt=\"\" width=\"465\" height=\"384\"><\/p>\n<table width=\"100%\">\n<tbody>\n<tr>\n<td colspan=\"2\" width=\"200%\">ALLM\u00c4CHTIGER UNSTERBLICHER GOTT!<\/td>\n<\/tr>\n<tr>\n<td width=\"50%\">OHNE DICH<br \/>\nKANN NICHTS GESCHEHEN,<\/td>\n<td width=\"50%\">DU BIST<br \/>\nDIE QUELLE F\u00dcR ALLES,<\/td>\n<\/tr>\n<tr>\n<td width=\"50%\">DEINE GNADE L\u00c4SST UNS<br \/>\nT\u00c4GLICH NEU BEGINNEN.<\/td>\n<td width=\"50%\">WIR K\u00d6NNEN UNS<br \/>\nNICHT R\u00dcHMEN.<\/td>\n<\/tr>\n<tr>\n<td width=\"50%\">HILFS, DASS WIR NICHT<br \/>\nGLEICHES MIT GLEICHEM<br \/>\nVERGELTEN.<\/td>\n<td width=\"50%\">WIR SIND<br \/>\nIN LEBEN UND TOD<br \/>\nIN DIR VERBUNDEN.<\/td>\n<\/tr>\n<tr>\n<td colspan=\"2\" width=\"125%\">IM TOD SIND WIR ALLE GLEICH.<\/td>\n<\/tr>\n<tr>\n<td colspan=\"2\" width=\"125%\">DAS GRAS VERDORRT, DIE BLUME WELKT,<br \/>\nABER DAS WORT GOTTES<br \/>\nBLEIBT IN EWIGKEIT!<\/p>\n<p>GERLINGEN, 1873.(Unterschriftszug) J. Zimmermann<\/td>\n<\/tr>\n<tr>\n<td colspan=\"3\" width=\"125%\">JOHANNES ZIMMERMANN AUS GERLINGEN, MISSIONAR, SPRACHFORSCHER,<\/p>\n<p>FREUND AFRIKAS, 1850-1876 ODUMASE ABOKOBI AKROPONG GHANA.<\/td>\n<\/tr>\n<\/tbody>\n<\/table>\n<p>Die Symbole sind sog. <a href=\"http:\/\/www.adinkra.org\/htmls\/adinkra_index.htm\" target=\"_blank\" rel=\"noopener noreferrer\">Adinkra-Symbole<\/a> aus Ghana. Mit Adinkra-Motiven bedruckte Stoffe werden in Ghana noch heute oft in Trauerzeiten verwendet.<\/p>\n<p>Die Bedeutung eines gro\u00dfen Teils der (rund 400) Adinkra-Symbole ist leider verloren gegangen. Hier die Deutung der Symbole auf dem Zimmermann-Gedenkstein in Gerlingen:<\/p>\n<table width=\"100%\">\n<tbody>\n<tr>\n<td width=\"50\"><img loading=\"lazy\" decoding=\"async\" class=\"alignnone size-full wp-image-397\" src=\"https:\/\/www.johannes-rebmann-stiftung.de\/cms\/wp-content\/uploads\/2017\/04\/symbol_1.gif\" alt=\"\" width=\"50\" height=\"50\"><\/td>\n<td>Gye Nyame (allm\u00e4chtiger Gott): Symbol der Allmacht und Moral Gottes.<\/td>\n<\/tr>\n<tr>\n<td width=\"50\"><img loading=\"lazy\" decoding=\"async\" class=\"alignnone size-medium wp-image-398\" src=\"https:\/\/www.johannes-rebmann-stiftung.de\/cms\/wp-content\/uploads\/2017\/04\/symbol_2.gif\" alt=\"\" width=\"50\" height=\"50\"><\/td>\n<td>(Kennen Sie die Bedeutung dieses Zeichens? Wir freuen uns \u00fcber Hinweise!)<\/td>\n<\/tr>\n<tr>\n<td width=\"50\"><img loading=\"lazy\" decoding=\"async\" class=\"alignnone size-medium wp-image-399\" src=\"https:\/\/www.johannes-rebmann-stiftung.de\/cms\/wp-content\/uploads\/2017\/04\/symbol_3.gif\" alt=\"\" width=\"50\" height=\"50\"><\/td>\n<td>Nsoromma (Kind des Himmels, Stern). Ein Kind des H\u00f6chsten. Symbol der Obhut; Erinnerung, dass Gott der Vater \u00fcber alle Menschen wacht.<\/td>\n<\/tr>\n<tr>\n<td width=\"50\"><img loading=\"lazy\" decoding=\"async\" class=\"alignnone size-medium wp-image-400\" src=\"https:\/\/www.johannes-rebmann-stiftung.de\/cms\/wp-content\/uploads\/2017\/04\/symbol_4.gif\" alt=\"\" width=\"50\" height=\"50\"><\/td>\n<td>Hye won hye (das, was nicht brennt): Symbol des Unverg\u00e4nglichen und der Best\u00e4ndigkeit sowie der Vergebung - \"halte die andere Wange hin\".<\/td>\n<\/tr>\n<tr>\n<td width=\"50\"><img loading=\"lazy\" decoding=\"async\" class=\"alignnone size-medium wp-image-401\" src=\"https:\/\/www.johannes-rebmann-stiftung.de\/cms\/wp-content\/uploads\/2017\/04\/symbol_5.gif\" alt=\"\" width=\"50\" height=\"50\"><\/td>\n<td>Kintinkantan (prahle nicht):&nbsp; Demut und Dienen sind n\u00f6tig.<\/td>\n<\/tr>\n<tr>\n<td width=\"50\"><img loading=\"lazy\" decoding=\"async\" class=\"alignnone size-medium wp-image-402\" src=\"https:\/\/www.johannes-rebmann-stiftung.de\/cms\/wp-content\/uploads\/2017\/04\/symbol_6.gif\" alt=\"\" width=\"50\" height=\"50\"><\/td>\n<td>Sankofa (kehre zur\u00fcck und finde es): Es ist wichtig, aus der Vergangenheit zu lernen. Es ist keine Schande, zur\u00fcckzukehren und dort neu zu beginnen, wo man den Weg verloren hatte.<\/td>\n<\/tr>\n<tr>\n<td width=\"50\"><img loading=\"lazy\" decoding=\"async\" class=\"alignnone size-medium wp-image-403\" src=\"https:\/\/www.johannes-rebmann-stiftung.de\/cms\/wp-content\/uploads\/2017\/04\/symbol_7.gif\" alt=\"\" width=\"50\" height=\"50\"><\/td>\n<td>Nkonsonkonson (Kettenglieder, Verbindung): Symbol der Einheit und menschlicher Beziehungen. Erinnerung, zur Gemeinschaft beizutragen, in Gemeinsamkeit liegt St\u00e4rke.<\/td>\n<\/tr>\n<tr>\n<td width=\"50\"><img loading=\"lazy\" decoding=\"async\" class=\"alignnone size-medium wp-image-404\" src=\"https:\/\/www.johannes-rebmann-stiftung.de\/cms\/wp-content\/uploads\/2017\/04\/symbol_8.gif\" alt=\"\" width=\"50\" height=\"50\"><\/td>\n<td>Owuo Atwedee Baako Nfo (die Leiter des Todes): Eine Erinnerung an die Verg\u00e4nglichkeit des Lebens in dieser Welt und an das Gebot, sein Leben so zu leben, dass die Seele w\u00fcrdig ist f\u00fcr das Leben nach dem Tode.<\/td>\n<\/tr>\n<\/tbody>\n<\/table>\n","protected":false},"excerpt":{"rendered":"<p>Die Inschrift des Gedenksteins lautet: ALLM\u00c4CHTIGER UNSTERBLICHER GOTT! OHNE DICH KANN NICHTS GESCHEHEN, DU BIST DIE QUELLE F\u00dcR ALLES, DEINE GNADE L\u00c4SST UNS T\u00c4GLICH NEU BEGINNEN. WIR K\u00d6NNEN UNS NICHT <a href=\"https:\/\/www.johannes-rebmann-stiftung.de\/cms\/missionare-aus-gerlingen\/johannes-zimmermann\/zimmermann-johannes-gedenkstein\/\" class=\"more-link\">...weiterlesen<span class=\"screen-reader-text\"> \"Zimmermann, Johannes &#8211; Gedenkstein\"<\/span><\/a><\/p>\n","protected":false},"author":1,"featured_media":0,"parent":29,"menu_order":0,"comment_status":"closed","ping_status":"closed","template":"","meta":{"ngg_post_thumbnail":0,"footnotes":""},"class_list":["post-396","page","type-page","status-publish","h-entry","hentry","h-as-page"],"_links":{"self":[{"href":"https:\/\/www.johannes-rebmann-stiftung.de\/cms\/wp-json\/wp\/v2\/pages\/396","targetHints":{"allow":["GET"]}}],"collection":[{"href":"https:\/\/www.johannes-rebmann-stiftung.de\/cms\/wp-json\/wp\/v2\/pages"}],"about":[{"href":"https:\/\/www.johannes-rebmann-stiftung.de\/cms\/wp-json\/wp\/v2\/types\/page"}],"author":[{"embeddable":true,"href":"https:\/\/www.johannes-rebmann-stiftung.de\/cms\/wp-json\/wp\/v2\/users\/1"}],"replies":[{"embeddable":true,"href":"https:\/\/www.johannes-rebmann-stiftung.de\/cms\/wp-json\/wp\/v2\/comments?post=396"}],"version-history":[{"count":3,"href":"https:\/\/www.johannes-rebmann-stiftung.de\/cms\/wp-json\/wp\/v2\/pages\/396\/revisions"}],"predecessor-version":[{"id":2500,"href":"https:\/\/www.johannes-rebmann-stiftung.de\/cms\/wp-json\/wp\/v2\/pages\/396\/revisions\/2500"}],"up":[{"embeddable":true,"href":"https:\/\/www.johannes-rebmann-stiftung.de\/cms\/wp-json\/wp\/v2\/pages\/29"}],"wp:attachment":[{"href":"https:\/\/www.johannes-rebmann-stiftung.de\/cms\/wp-json\/wp\/v2\/media?parent=396"}],"curies":[{"name":"wp","href":"https:\/\/api.w.org\/{rel}","templated":true}]}}