{"id":338,"date":"2017-04-26T16:37:51","date_gmt":"2017-04-26T14:37:51","guid":{"rendered":"https:\/\/www.johannes-rebmann-stiftung.de\/cms\/?page_id=338"},"modified":"2025-11-21T11:50:15","modified_gmt":"2025-11-21T10:50:15","slug":"daeuble-karl-gustav-2","status":"publish","type":"page","link":"https:\/\/www.johannes-rebmann-stiftung.de\/cms\/missionare-aus-gerlingen\/erste-missionare\/daeuble-karl-gustav-2\/","title":{"rendered":"D\u00e4uble, Karl Gustav"},"content":{"rendered":"<p><img loading=\"lazy\" decoding=\"async\" class=\"alignnone size-medium wp-image-340\" src=\"https:\/\/www.johannes-rebmann-stiftung.de\/cms\/wp-content\/uploads\/2017\/04\/Daeuble_Karl_Gustav-244x300.jpg\" alt=\"\" width=\"244\" height=\"300\" srcset=\"https:\/\/www.johannes-rebmann-stiftung.de\/cms\/wp-content\/uploads\/2017\/04\/Daeuble_Karl_Gustav-244x300.jpg 244w, https:\/\/www.johannes-rebmann-stiftung.de\/cms\/wp-content\/uploads\/2017\/04\/Daeuble_Karl_Gustav.jpg 358w\" sizes=\"auto, (max-width: 244px) 100vw, 244px\" \/><\/p>\n<p>Karl Gustav D\u00e4uble wird 1832 als j\u00fcngster Sohn von Jakob D\u00e4uble und seiner Frau Luise in Sindelfingen geboren. Karl Gustav D\u00e4uble wird Schulfreund des sp\u00e4teren Missionars Jakob Heck.<\/p>\n<p>Keine andere Gerlinger Familie hat der Mission mehr S\u00f6hne und T\u00f6chter gestellt als die Familie D\u00e4uble. Vater Jakob D\u00e4uble stammte aus Hasslach bei Herrenberg und war 1841 mit elf Kindern als Schullehrer nach Gerlingen gekommen. Drei seiner S\u00f6hne wurden Missionare, zwei T\u00f6chter Missionsfrauen.<\/p>\n<p>\u00dcber seine Gerlinger Jugendjahre berichtet Karl Gustav D\u00e4uble aus Basel: \"Ich kam in die Lehre zu Schreinermeister H\u00f6schele in Gerlingen, wo ich drei Jahre lernte. Mein Handwerk trieb mich oft in die Enge, da es mir \u00f6fters sehr entleidete, wenn etwas nicht recht gehen wollte und mir auch der Mut und die Kraft (die Geschicklichkeit gerade nicht) aber der Flei\u00df zu allem fehlte, was ich angriff, im letzten Jahr meiner Lehre wollte nichts gedeihen, was ich unter die H\u00e4nde nahm und ich f\u00fchlte wohl, wie mir der Herr meine Unt\u00fcchtigkeit und Kraftlosigkeit zeigen wollte, wenn ich die Arbeit nicht in seiner Kraft und unter seinem Segen verrichtete. Voriges Fr\u00fchjahr schrieb mir nun mein Bruder Wilhelm, ich m\u00f6chte hierher nach Basel kommen.\"<\/p>\n<p>Karl Gustav D\u00e4uble wird ins Missionshaus aufgenommen, beendet seine Studien 1855 und tritt in den Dienst der englischen Missionsgesellschaft CMS. 1856 wird er vom Bischof von London in der St. Pauls Cathedral ordiniert, ebenso vom Bischof in Kalkutta. Dann geht die Reise nach Benares in Nordindien. 1862 wird er nach Agra versetzt und \u00fcbernimmt dort ein Waisenhaus. Nach 33 Jahren in Indien bekommt er 1870 Heimaturlaub. Nach seiner R\u00fcckkehr wird er nach Lucknow versetzt. Dort stirbt 1877 seine Frau Marie, geb. Els\u00e4\u00dfer, die er 1857 geheiratet hatte.<\/p>\n<p><img loading=\"lazy\" decoding=\"async\" class=\"alignnone size-full wp-image-3284\" src=\"https:\/\/www.johannes-rebmann-stiftung.de\/cms\/wp-content\/uploads\/2025\/11\/MariaElsaesserLuiseDaeuble.png\" alt=\"\" width=\"232\" height=\"371\" srcset=\"https:\/\/www.johannes-rebmann-stiftung.de\/cms\/wp-content\/uploads\/2025\/11\/MariaElsaesserLuiseDaeuble.png 232w, https:\/\/www.johannes-rebmann-stiftung.de\/cms\/wp-content\/uploads\/2025\/11\/MariaElsaesserLuiseDaeuble-188x300.png 188w\" sizes=\"auto, (max-width: 232px) 100vw, 232px\" \/><\/p>\n<p><em>Maria D\u00e4uble, geb. Els\u00e4\u00dfer (links) zusammen mit ihrer Schw\u00e4gerin Luise D\u00e4uble (Ehefrau von August Finkh und Johannes Rebmann)<\/em><\/p>\n<p>1893 stirbt Karl Gustav D\u00e4uble in Kangra, Punjab. Seine zweite Frau Marie, geb. Stoephasius, die im Dienste der Berliner Frauengesellschaft steht, f\u00fchrt nach seinem Tod die Arbeit in der Punjab Mission weiter.<\/p>\n","protected":false},"excerpt":{"rendered":"<p>Karl Gustav D\u00e4uble wird 1832 als j\u00fcngster Sohn von Jakob D\u00e4uble und seiner Frau Luise in Sindelfingen geboren. Karl Gustav D\u00e4uble wird Schulfreund des sp\u00e4teren Missionars Jakob Heck. Keine andere <a href=\"https:\/\/www.johannes-rebmann-stiftung.de\/cms\/missionare-aus-gerlingen\/erste-missionare\/daeuble-karl-gustav-2\/\" class=\"more-link\">...weiterlesen<span class=\"screen-reader-text\"> \"D\u00e4uble, Karl Gustav\"<\/span><\/a><\/p>\n","protected":false},"author":1,"featured_media":0,"parent":913,"menu_order":0,"comment_status":"closed","ping_status":"closed","template":"","meta":{"ngg_post_thumbnail":0,"footnotes":""},"class_list":["post-338","page","type-page","status-publish","h-entry","hentry","h-as-page"],"_links":{"self":[{"href":"https:\/\/www.johannes-rebmann-stiftung.de\/cms\/wp-json\/wp\/v2\/pages\/338","targetHints":{"allow":["GET"]}}],"collection":[{"href":"https:\/\/www.johannes-rebmann-stiftung.de\/cms\/wp-json\/wp\/v2\/pages"}],"about":[{"href":"https:\/\/www.johannes-rebmann-stiftung.de\/cms\/wp-json\/wp\/v2\/types\/page"}],"author":[{"embeddable":true,"href":"https:\/\/www.johannes-rebmann-stiftung.de\/cms\/wp-json\/wp\/v2\/users\/1"}],"replies":[{"embeddable":true,"href":"https:\/\/www.johannes-rebmann-stiftung.de\/cms\/wp-json\/wp\/v2\/comments?post=338"}],"version-history":[{"count":6,"href":"https:\/\/www.johannes-rebmann-stiftung.de\/cms\/wp-json\/wp\/v2\/pages\/338\/revisions"}],"predecessor-version":[{"id":3288,"href":"https:\/\/www.johannes-rebmann-stiftung.de\/cms\/wp-json\/wp\/v2\/pages\/338\/revisions\/3288"}],"up":[{"embeddable":true,"href":"https:\/\/www.johannes-rebmann-stiftung.de\/cms\/wp-json\/wp\/v2\/pages\/913"}],"wp:attachment":[{"href":"https:\/\/www.johannes-rebmann-stiftung.de\/cms\/wp-json\/wp\/v2\/media?parent=338"}],"curies":[{"name":"wp","href":"https:\/\/api.w.org\/{rel}","templated":true}]}}