{"id":27,"date":"2016-07-04T08:22:15","date_gmt":"2016-07-04T06:22:15","guid":{"rendered":"https:\/\/www.johannes-rebmann-stiftung.de\/cms\/?page_id=27"},"modified":"2020-04-27T15:33:03","modified_gmt":"2020-04-27T13:33:03","slug":"johannes-rebmann","status":"publish","type":"page","link":"https:\/\/www.johannes-rebmann-stiftung.de\/cms\/missionare-aus-gerlingen\/johannes-rebmann\/","title":{"rendered":"Rebmann, Johannes"},"content":{"rendered":"<p><img loading=\"lazy\" decoding=\"async\" class=\"size-medium wp-image-53 alignnone\" src=\"https:\/\/www.johannes-rebmann-stiftung.de\/cms\/wp-content\/uploads\/2016\/07\/07-01_Johannes-Rebmann-216x300.jpg\" alt=\"07-01_Johannes Rebmann\" width=\"216\" height=\"300\" srcset=\"https:\/\/www.johannes-rebmann-stiftung.de\/cms\/wp-content\/uploads\/2016\/07\/07-01_Johannes-Rebmann-216x300.jpg 216w, https:\/\/www.johannes-rebmann-stiftung.de\/cms\/wp-content\/uploads\/2016\/07\/07-01_Johannes-Rebmann-768x1066.jpg 768w, https:\/\/www.johannes-rebmann-stiftung.de\/cms\/wp-content\/uploads\/2016\/07\/07-01_Johannes-Rebmann-738x1024.jpg 738w, https:\/\/www.johannes-rebmann-stiftung.de\/cms\/wp-content\/uploads\/2016\/07\/07-01_Johannes-Rebmann-960x1332.jpg 960w\" sizes=\"auto, (max-width: 216px) 100vw, 216px\" \/><\/p>\n<p style=\"text-align: left;\"><strong style=\"text-align: center;\">* 16.01.1820 - \u2020 04.10.1876<\/strong><\/p>\n<p style=\"text-align: justify;\">Es ist ein historischer Verdienst Rebmanns, der geographischen Wissenschaft wichtige Kenntnisse \u00fcber Ostafrika vermittelt zu haben. Er verstand sich immer und in erster Linie als Missionar. Er hatte sehr fr\u00fch begriffen, dass man, wenn man Menschen in Afrika f\u00fcr den christlichen Glauben gewinnen will, sehr lang und sehr geduldig an einem Ort bleiben und um diese Menschen ringen muss. Das tat er auch. Es gelang ihm mit unendlicher Geduld, Ausdauer und \u00dcberzeugungskraft, die ersten Angeh\u00f6rigen des Vanika-Stammes zu taufen und langsam eine kleine christliche Gemeinde aufzubauen.<\/p>\n<p style=\"text-align: justify;\">In den afrikanischen Anfangsjahren bestand eine enge Arbeitsgemeinschaft zwischen den Missionaren Dr. Johann Ludwig Krapf, J. Jacob Ehrhardt und Rebmann - \"the famous trio\" (Groves). Mitarbeiter kamen und gingen ... Einer nur hielt die Stellung \u00fcber Jahrzehnte - Rebmann.<\/p>\n<p style=\"text-align: justify;\">Rebmanns Frau Emma, geb. Tyler, starb 1866, nachdem sie 15 Jahre an seiner Seite in der Arbeit gestanden hatte. Sein einziger Sohn war 1854 wenige Tage nach der Geburt gestorben. Rebmanns Leben mit Erfolgen und Trag\u00f6dien spielte sich haupts\u00e4chlich in Afrika ab, w\u00e4hrend er Kindheit und Lebensende in W\u00fcrttemberg verbrachte.<\/p>\n<p style=\"text-align: justify;\">Die Johannes-Rebmann-Stiftung m\u00f6chte ihm ein weiteres Denkmal setzen - stellvertretend auch f\u00fcr alle anderen Menschen aus seinem Geburtsort, die als Missionare in die Welt zogen und heute noch in die Welt ziehen.<\/p>\n<p style=\"text-align: justify;\">Im Rebmann-Haus Gerlingen k\u00f6nnen Sie Details zum Wirken Rebmanns und dem der anderen Gerlinger Missionare erfahren. Das Gerlinger Stadtarchiv bewahrt zahlreiche historische Dokumente und Fotos auf. Bei der <a href=\"mailto:info@johannes-rebmann-stiftung.de\">Gesch\u00e4ftsstelle der Stiftung<\/a> k\u00f6nnen Publikationen zum Thema angefordert werden.<\/p>\n<h3 style=\"text-align: justify;\"><a href=\"https:\/\/www.johannes-rebmann-stiftung.de\/cms\/gerlinger-missionare\/johannes-rebmann\/rebmann-johannes-leben-und-werk\/\">Leben und Werk: <\/a><\/h3>\n<ul>\n<li>Rebmanns Leben in Gerlingen<\/li>\n<li>Rebmann als Missionar<\/li>\n<li>Rebmanns Einsatzgebiet<\/li>\n<li>Rebmann als Forscher und Entdecker<\/li>\n<li>Rebmanns Lebensende<\/li>\n<\/ul>\n<h3><a href=\"https:\/\/www.johannes-rebmann-stiftung.de\/cms\/gerlinger-missionare\/johannes-rebmann\/rebmann-johannes-dokumente\/\">Dokumente:<\/a><\/h3>\n<p><strong>Dokumente von Rebmann:<\/strong><\/p>\n<ul>\n<li>Briefe von Johannes Rebmann<\/li>\n<li>Seereise von London nach Sansibar<span class=\"screen-reader-text\">In neuem Fenster \u00f6ffnen<\/span><\/li>\n<li><strong>NEU:<\/strong> Reise nach Kadiaro im Teita-Land<\/li>\n<li><strong>NEU:<\/strong> Reise nach Dschagga - Erste Reise<\/li>\n<li><strong>NEU:<\/strong> Reise nach Dschagga - Zweite Reise<\/li>\n<li><strong>NEU:<\/strong> Reise nach Dschagga - Dritte Reise<\/li>\n<li><strong>NEU:<\/strong> Allgemeine Bemerkungen \u00fcber Dschagga<\/li>\n<li><strong>NEU:<\/strong> Weitere Bemerkungen \u00fcber Dschagga<\/li>\n<li>Rebmanns Landkarte<span class=\"screen-reader-text\">In neuem Fenster \u00f6ffnen<\/span><\/li>\n<li>Das komplette Tagebuch<span class=\"screen-reader-text\">In neuem Fenster \u00f6ffnen<\/span><\/li>\n<li>Tagebuchauszug: Entdeckung des Kilimanjaro<span class=\"screen-reader-text\">In neuem Fenster \u00f6ffnen<\/span><\/li>\n<\/ul>\n<p><strong>Dokumente \u00fcber Rebmann:<\/strong><\/p>\n<ul>\n<li>Lebenslauf kompakt<span class=\"screen-reader-text\">In neuem Fenster \u00f6ffnen<\/span><\/li>\n<li>Ahnentafel<span class=\"screen-reader-text\">In neuem Fenster \u00f6ffnen<\/span><\/li>\n<li>Stammbaum der Familie Rebmann<span class=\"screen-reader-text\">In neuem Fenster \u00f6ffnen<\/span> (Stand 23.04.2017)<\/li>\n<li><strong>NEU:<\/strong> Tagebuchauszug von Emma Rebmann geb. Tyler<span class=\"screen-reader-text\">In neuem Fenster \u00f6ffnen<\/span><\/li>\n<li>Diplomarbeit \"Wissenschaft u. Mission\"<span class=\"screen-reader-text\">In neuem Fenster \u00f6ffnen<\/span><\/li>\n<li>Vortr\u00e4ge von Imanuel Stutzmann: 2003<span class=\"screen-reader-text\">In neuem Fenster \u00f6ffnen<\/span> und 2009<span class=\"screen-reader-text\">In neuem Fenster \u00f6ffnen<\/span><\/li>\n<li>Vortr\u00e4ge von Dr. Steven Paas in 2011: Teil <span class=\"screen-reader-text\">In neuem Fenster \u00f6ffnen<\/span>1 und Teil 2<span class=\"screen-reader-text\">In neuem Fenster \u00f6ffnen<\/span><\/li>\n<li>Buch Steven Paas: Rebmann-Biografie Deutsch<\/li>\n<li><strong>NEU: <\/strong>Vortrag von Dr. Steven Paas am 30.11.2018<span class=\"screen-reader-text\">In neuem Fenster \u00f6ffnen<\/span><\/li>\n<li>R\u00fcckblick auf die Vorstellung der Rebmann-Biografie mit Dr. Paas und&nbsp; Dr. Wetzel<\/li>\n<li>Buchbesprechungen:\n<ul>\n<li>Rezension von Pfarrer Dr. Jochen Eber (Kirchengemeinde Steinen \/ Margarethenpfarrei H\u00f6llstein), im Magazin Arbeitskreis f\u00fcr evangelische Theologie<span class=\"screen-reader-text\">In neuem Fenster \u00f6ffnen<\/span><\/li>\n<li>Rezension in Bonner Querschnitte, Ausgabe 549<\/li>\n<\/ul>\n<\/li>\n<\/ul>\n","protected":false},"excerpt":{"rendered":"<p>* 16.01.1820 - \u2020 04.10.1876 Es ist ein historischer Verdienst Rebmanns, der geographischen Wissenschaft wichtige Kenntnisse \u00fcber Ostafrika vermittelt zu haben. Er verstand sich immer und in erster Linie als <a href=\"https:\/\/www.johannes-rebmann-stiftung.de\/cms\/missionare-aus-gerlingen\/johannes-rebmann\/\" class=\"more-link\">...weiterlesen<span class=\"screen-reader-text\"> \"Rebmann, Johannes\"<\/span><\/a><\/p>\n","protected":false},"author":1,"featured_media":0,"parent":39,"menu_order":0,"comment_status":"closed","ping_status":"closed","template":"","meta":{"ngg_post_thumbnail":0,"footnotes":""},"class_list":["post-27","page","type-page","status-publish","h-entry","hentry","h-as-page"],"_links":{"self":[{"href":"https:\/\/www.johannes-rebmann-stiftung.de\/cms\/wp-json\/wp\/v2\/pages\/27","targetHints":{"allow":["GET"]}}],"collection":[{"href":"https:\/\/www.johannes-rebmann-stiftung.de\/cms\/wp-json\/wp\/v2\/pages"}],"about":[{"href":"https:\/\/www.johannes-rebmann-stiftung.de\/cms\/wp-json\/wp\/v2\/types\/page"}],"author":[{"embeddable":true,"href":"https:\/\/www.johannes-rebmann-stiftung.de\/cms\/wp-json\/wp\/v2\/users\/1"}],"replies":[{"embeddable":true,"href":"https:\/\/www.johannes-rebmann-stiftung.de\/cms\/wp-json\/wp\/v2\/comments?post=27"}],"version-history":[{"count":22,"href":"https:\/\/www.johannes-rebmann-stiftung.de\/cms\/wp-json\/wp\/v2\/pages\/27\/revisions"}],"predecessor-version":[{"id":2493,"href":"https:\/\/www.johannes-rebmann-stiftung.de\/cms\/wp-json\/wp\/v2\/pages\/27\/revisions\/2493"}],"up":[{"embeddable":true,"href":"https:\/\/www.johannes-rebmann-stiftung.de\/cms\/wp-json\/wp\/v2\/pages\/39"}],"wp:attachment":[{"href":"https:\/\/www.johannes-rebmann-stiftung.de\/cms\/wp-json\/wp\/v2\/media?parent=27"}],"curies":[{"name":"wp","href":"https:\/\/api.w.org\/{rel}","templated":true}]}}