{"id":20,"date":"2016-07-01T12:43:15","date_gmt":"2016-07-01T10:43:15","guid":{"rendered":"https:\/\/www.johannes-rebmann-stiftung.de\/cms\/?page_id=20"},"modified":"2026-03-31T09:06:47","modified_gmt":"2026-03-31T07:06:47","slug":"impressum","status":"publish","type":"page","link":"https:\/\/www.johannes-rebmann-stiftung.de\/cms\/impressum\/","title":{"rendered":"Impressum"},"content":{"rendered":"<p><strong>&nbsp;Verantwortlich f\u00fcr den Inhalt dieser Webseiten:<\/strong><\/p>\n<p>Johannes-Rebmann-Stiftung<br \/>\nGemeinn\u00fctzige Stiftung des b\u00fcrgerlichen Rechts<br \/>\nRathausplatz 1<br \/>\n70839 Gerlingen<br \/>\nDeutschland<\/p>\n<p>Tel.: +49 (0)7156 205-7014<br \/>\nFax: +49 (0)7156 205-5000<br \/>\nWeb: <a href=\"https:\/\/www.johannes-rebmann-stiftung.de\">www.johannes-rebmann-stiftung.de<\/a><br \/>\nE-Mail: <a href=\"mailto:info@johannes-rebmann-stiftung.de\">info@johannes-rebmann-stiftung.de<\/a><\/p>\n<p>&nbsp;<\/p>\n<h3><strong>Organe der Stiftung:<\/strong><\/h3>\n<h4><strong>Stiftungsvorstand:<\/strong><\/h4>\n<ul>\n<li>Dr. Markus R\u00f6sler (Vorsitzender)<\/li>\n<li>Stefan Altenberger<\/li>\n<li>Michael Gommel<\/li>\n<li>Klaus Herrmann<\/li>\n<li>Dekan i.R. Friedrich Zimmermann<\/li>\n<\/ul>\n<h4><strong>Stiftungsrat:<\/strong><\/h4>\n<p><u>Vorsitzender:<\/u><\/p>\n<p>B\u00fcrgermeister Dirk Oestringer<\/p>\n<p><u>Stellvertreterinnen:<\/u><\/p>\n<p>Pfarrerin Karina Beck (1. stellvertretende Vorsitzende)<br \/>\nDr. Birgit Knolmayer (2. stellvertretende Vorsitzende)<\/p>\n<p><u>Mitglieder:<\/u><\/p>\n<p>Stadt Gerlingen:<\/p>\n<ul>\n<li>B\u00fcrgermeister Dirk Oestringer<\/li>\n<li>Horst Arzt<\/li>\n<li>Barbara G\u00fcnther<\/li>\n<li>David Rometsch<\/li>\n<li>Monja Sales Prado<\/li>\n<li>Ulrich Stirner-Sinn<\/li>\n<\/ul>\n<p>Ev. Kirchengemeinde Petrus und Lukas:<\/p>\n<ul>\n<li>Pfarrerin Karina Beck<\/li>\n<li>Michael B\u00fchler<\/li>\n<li>Annerose Handel<\/li>\n<li>Hans-Joachim Scharna<\/li>\n<li>Susanne Stahl<\/li>\n<li>Dr. Hella Steineck-Kinder<\/li>\n<\/ul>\n<p>Verein f\u00fcr Heimatpflege:<\/p>\n<ul>\n<li>J\u00fcrgen W\u00f6hler<\/li>\n<li>Dr. Birgit Knolmayer<\/li>\n<\/ul>\n<p>Rebmann-Familie:<\/p>\n<ul>\n<li>Christian Haag<\/li>\n<li>Irmgard Schopf<\/li>\n<\/ul>\n<p>Weitere Mitglieder:<\/p>\n<ul>\n<li>Uta Grob<\/li>\n<\/ul>\n<p>&nbsp;<\/p>\n<p><strong>Haftungsausschluss<\/strong><\/p>\n<p>Das Internetangebot wird mit gr\u00f6\u00dftm\u00f6glicher Sorgfalt zusammengestellt und gepflegt. Eine Garantie f\u00fcr die Fehlerfreiheit, Genauigkeit und Vollst\u00e4ndigkeit der Angaben kann jedoch nicht \u00fcbernommen werden. Die fremdsprachlichen Seiten wurden ehrenamtlich von Laien nach bestem Wissen und Gewissen \u00fcbersetzt. Wir schlie\u00dfen eine Haftung f\u00fcr Verluste oder Sch\u00e4den jeglicher Art aus, die direkt oder indirekt aus der Nutzung unseres Onlineangebots entstehen. Ebenso wird keine Haftung \u00fcbernommen f\u00fcr Website-Angebote anderer Betreiber, zu denen Besucher unserer Webseiten \u00fcber eingef\u00fcgte Links gelangen. F\u00fcr diese Fremdinhalte sind ausschlie\u00dflich deren Anbieter zust\u00e4ndig.<\/p>\n<p><strong>Copyright und Markenzeichen<\/strong><\/p>\n<p>S\u00e4mtliche Texte, Fotos, Grafiken und sonstigen Inhalte dieser Websites, sowie deren Anordnung, sind durch das Urheberrecht und andere Schutzrechte gesch\u00fctzt. Es darf keine Vervielf\u00e4ltigung, Ver\u00e4nderung oder Verwendung der genannten Inhalte in anderen elektronischen oder gedruckten Publikationen ohne vorherige Zustimmung durch die Johannes-Rebmann-Stiftung erfolgen.<\/p>\n<p><strong>Dank<\/strong><\/p>\n<p>Unser Dank gilt dem Gerlinger Stadtarchiv und insbesondere seinem Leiter, Herrn Klaus Herrmann, f\u00fcr die fachkundigen Ausk\u00fcnfte und das Zur-Verf\u00fcgung-Stellen der Dokumente. Herzlichen Dank ebenso an die zahlreichen ehrenamtlichen Helfer.<\/p>\n","protected":false},"excerpt":{"rendered":"<p>&nbsp;Verantwortlich f\u00fcr den Inhalt dieser Webseiten: Johannes-Rebmann-Stiftung Gemeinn\u00fctzige Stiftung des b\u00fcrgerlichen Rechts Rathausplatz 1 70839 Gerlingen Deutschland Tel.: +49 (0)7156 205-7014 Fax: +49 (0)7156 205-5000 Web: www.johannes-rebmann-stiftung.de E-Mail: info@johannes-rebmann-stiftung.de &nbsp; <a href=\"https:\/\/www.johannes-rebmann-stiftung.de\/cms\/impressum\/\" class=\"more-link\">...weiterlesen<span class=\"screen-reader-text\"> \"Impressum\"<\/span><\/a><\/p>\n","protected":false},"author":1,"featured_media":0,"parent":0,"menu_order":0,"comment_status":"closed","ping_status":"closed","template":"","meta":{"ngg_post_thumbnail":0,"footnotes":""},"class_list":["post-20","page","type-page","status-publish","h-entry","hentry","h-as-page"],"_links":{"self":[{"href":"https:\/\/www.johannes-rebmann-stiftung.de\/cms\/wp-json\/wp\/v2\/pages\/20","targetHints":{"allow":["GET"]}}],"collection":[{"href":"https:\/\/www.johannes-rebmann-stiftung.de\/cms\/wp-json\/wp\/v2\/pages"}],"about":[{"href":"https:\/\/www.johannes-rebmann-stiftung.de\/cms\/wp-json\/wp\/v2\/types\/page"}],"author":[{"embeddable":true,"href":"https:\/\/www.johannes-rebmann-stiftung.de\/cms\/wp-json\/wp\/v2\/users\/1"}],"replies":[{"embeddable":true,"href":"https:\/\/www.johannes-rebmann-stiftung.de\/cms\/wp-json\/wp\/v2\/comments?post=20"}],"version-history":[{"count":24,"href":"https:\/\/www.johannes-rebmann-stiftung.de\/cms\/wp-json\/wp\/v2\/pages\/20\/revisions"}],"predecessor-version":[{"id":3335,"href":"https:\/\/www.johannes-rebmann-stiftung.de\/cms\/wp-json\/wp\/v2\/pages\/20\/revisions\/3335"}],"wp:attachment":[{"href":"https:\/\/www.johannes-rebmann-stiftung.de\/cms\/wp-json\/wp\/v2\/media?parent=20"}],"curies":[{"name":"wp","href":"https:\/\/api.w.org\/{rel}","templated":true}]}}