{"id":2,"date":"2016-07-01T11:53:14","date_gmt":"2016-07-01T09:53:14","guid":{"rendered":"https:\/\/www.johannes-rebmann-stiftung.de\/cms\/?page_id=2"},"modified":"2026-03-31T09:19:07","modified_gmt":"2026-03-31T07:19:07","slug":"die-stiftung","status":"publish","type":"page","link":"https:\/\/www.johannes-rebmann-stiftung.de\/cms\/die-stiftung\/","title":{"rendered":"Die Stiftung"},"content":{"rendered":"<p><img loading=\"lazy\" decoding=\"async\" class=\"alignnone wp-image-48 size-full\" src=\"https:\/\/www.johannes-rebmann-stiftung.de\/cms\/wp-content\/uploads\/2016\/08\/rebmann_haus.gif\" alt=\"rebmann_haus\" width=\"454\" height=\"319\"><\/p>\n<p>Gerlinger B\u00fcrger initiierten die Johannes-Rebmann-Stiftung mit der Absicht, das Geburtshaus des Gerlinger Missionars Johannes Rebmann zu erwerben und zu renovieren. Die Gr\u00fcndungsversammlung fand am 12. Juli 2002 statt. Gr\u00fcnder waren unter anderem die Stadtverwaltung Gerlingen, die evangelische Petruskirchengemeine Gerlingen sowie Vertreter der Familie Rebmann. Die Gr\u00fcnder sind heute im heutigen Vorstand der Stiftung vertreten.<\/p>\n<h3><strong>Organe der Stiftung:<\/strong><\/h3>\n<h4><strong>Stiftungsvorstand:<\/strong><\/h4>\n<ul>\n<li>Dr. Markus R\u00f6sler (Vorsitzender)<\/li>\n<li>Stefan Altenberger<\/li>\n<li>Michael Gommel<\/li>\n<li>Klaus Herrmann<\/li>\n<li>Friedrich Zimmermann<\/li>\n<\/ul>\n<h4><strong>Stiftungsrat:<\/strong><\/h4>\n<p><u>Vorsitzender:<\/u><\/p>\n<p>B\u00fcrgermeister Dirk Oestringer<\/p>\n<p>Pfarrerin Karina Beck (1. stellvertretende Vorsitzende)<br \/>\nDr. Birgit Knolmayer (2. stellvertretende Vorsitzende)<\/p>\n<p><u>Mitglieder:<\/u><\/p>\n<p>Stadt Gerlingen:<\/p>\n<ul>\n<li>B\u00fcrgermeister Dirk Oestringer<\/li>\n<li>Horst Arzt<\/li>\n<li>Barbara G\u00fcnther<\/li>\n<li>David Rometsch<\/li>\n<li>Monja Sales Prado<\/li>\n<li>Ulrich Stirner-Sinn<\/li>\n<\/ul>\n<p>Ev. Kirchengemeinde Petrus und Lukas:<\/p>\n<ul>\n<li>Pfarrerin Karina Beck<\/li>\n<li>Michael B\u00fchler<\/li>\n<li>Annerose Handel<\/li>\n<li>Hans-Joachim Scharna<\/li>\n<li>Susanne Stahl<\/li>\n<li>Dr. Hella Steineck-Kinder<\/li>\n<\/ul>\n<p>Verein f\u00fcr Heimatpflege:<\/p>\n<ul>\n<li>J\u00fcrgen W\u00f6hler<\/li>\n<li>Dr. Birgit Knolmayer<\/li>\n<\/ul>\n<p>Rebmann-Familie:<\/p>\n<ul>\n<li>Christian Haag<\/li>\n<li>Irmgard Schopf<\/li>\n<\/ul>\n<p>Weitere Mitglieder:<\/p>\n<ul>\n<li>Uta Grob<\/li>\n<\/ul>\n<p>&nbsp;<\/p>\n<p><strong>Aufgaben der Stiftung:<\/strong><\/p>\n<p>F\u00fcr die Rettung und Sanierung des Rebmannhauses errang die Rebmann-Stiftung im Jahr 2003 Preise:<\/p>\n<p>- Auszeichnung als vorbildliche private Initiative auf dem Gebiet der Denkmalpflege durch die Denkmalstiftung Baden-W\u00fcrttemberg und<br \/>\n-&nbsp;den F\u00f6rderpreis \"Heimatpflege\/Denkmalschutz\" durch das Forum Region Stuttgart.<\/p>\n<p>Zur Erinnerung an die weltweite Arbeit der Gerlinger Missionare und Missionarinnen wurde im Rebmann-Haus die Missionarsstube als St\u00e4tte der Erinnerung und Begegnung eingerichtet. Die Treffen in diesem Raum betreffen die Aufgaben der Stifung, z.B.:<\/p>\n<p>F\u00f6rderung der kulturellen Beziehungen zu den L\u00e4ndern, in denen Gerlinger Missionare wirkten und<br \/>\nAufbau und Unterst\u00fctzung internationaler Begegnungen zum Zwecke der V\u00f6lkerverst\u00e4ndigung, durch Einrichtung von Stipendien, Wissens- und Informationsaustausch.<\/p>\n<p>Ein konkretes Beispiel f\u00fcr die Arbeit der Johannes-Rebmann-Stiftung ist die Unterst\u00fctzung der Johannes-Rebmann-Ged\u00e4chtnis-Bibliothek in Kalali, Tansania, am Fu\u00dfe des Kilimandscharos. Die B\u00fccherei hat elektrisches Licht und gute B\u00fccher, so dass Kinder, die zu Hause nicht lesen und lernen k\u00f6nnen, die M\u00f6glichkeit haben, dort relevantes Studienmaterial zu lesen.<\/p>\n<p><strong>Wollen Sie helfen?<\/strong><\/p>\n<p>F\u00fcr die vielf\u00e4ltigen Aufgaben braucht die&nbsp; Johannes-Rebmann-Stiftung Ihre Unterst\u00fctzung. Helfen Sie uns zu helfen. Ihre Spende ist steuerlich absetzbar. Bitte, \u00fcberweisen Sie Ihre Spende an eines unserer Spendenkonten, die Sie rechts oben finden. Danach erhalten Sie eine steuerlich absetzbare Spendenquittung f\u00fcr das Finanzamt.<\/p>\n<p>Vielen Dank f\u00fcr Ihre Initiative und Ihre Unterst\u00fctzung.<\/p>\n","protected":false},"excerpt":{"rendered":"<p>Gerlinger B\u00fcrger initiierten die Johannes-Rebmann-Stiftung mit der Absicht, das Geburtshaus des Gerlinger Missionars Johannes Rebmann zu erwerben und zu renovieren. Die Gr\u00fcndungsversammlung fand am 12. Juli 2002 statt. Gr\u00fcnder waren <a href=\"https:\/\/www.johannes-rebmann-stiftung.de\/cms\/die-stiftung\/\" class=\"more-link\">...weiterlesen<span class=\"screen-reader-text\"> \"Die Stiftung\"<\/span><\/a><\/p>\n","protected":false},"author":1,"featured_media":0,"parent":0,"menu_order":0,"comment_status":"closed","ping_status":"closed","template":"","meta":{"ngg_post_thumbnail":0,"footnotes":""},"class_list":["post-2","page","type-page","status-publish","h-entry","hentry","h-as-page"],"_links":{"self":[{"href":"https:\/\/www.johannes-rebmann-stiftung.de\/cms\/wp-json\/wp\/v2\/pages\/2","targetHints":{"allow":["GET"]}}],"collection":[{"href":"https:\/\/www.johannes-rebmann-stiftung.de\/cms\/wp-json\/wp\/v2\/pages"}],"about":[{"href":"https:\/\/www.johannes-rebmann-stiftung.de\/cms\/wp-json\/wp\/v2\/types\/page"}],"author":[{"embeddable":true,"href":"https:\/\/www.johannes-rebmann-stiftung.de\/cms\/wp-json\/wp\/v2\/users\/1"}],"replies":[{"embeddable":true,"href":"https:\/\/www.johannes-rebmann-stiftung.de\/cms\/wp-json\/wp\/v2\/comments?post=2"}],"version-history":[{"count":32,"href":"https:\/\/www.johannes-rebmann-stiftung.de\/cms\/wp-json\/wp\/v2\/pages\/2\/revisions"}],"predecessor-version":[{"id":3342,"href":"https:\/\/www.johannes-rebmann-stiftung.de\/cms\/wp-json\/wp\/v2\/pages\/2\/revisions\/3342"}],"wp:attachment":[{"href":"https:\/\/www.johannes-rebmann-stiftung.de\/cms\/wp-json\/wp\/v2\/media?parent=2"}],"curies":[{"name":"wp","href":"https:\/\/api.w.org\/{rel}","templated":true}]}}