{"id":1426,"date":"2018-01-17T09:32:01","date_gmt":"2018-01-17T08:32:01","guid":{"rendered":"https:\/\/www.johannes-rebmann-stiftung.de\/cms\/?page_id=1426"},"modified":"2021-02-08T10:28:10","modified_gmt":"2021-02-08T09:28:10","slug":"links","status":"publish","type":"page","link":"https:\/\/www.johannes-rebmann-stiftung.de\/cms\/publikationen\/links\/","title":{"rendered":"Links"},"content":{"rendered":"\n<h4 class=\"wp-block-heading\">Kenia: Restaurierung des Missionarshauses Rebmann in Rabai:<\/h4>\n\n\n\n<p><a href=\"https:\/\/www.auswaertiges-amt.de\/de\/aussenpolitik\/themen\/kulturdialog\/09-kulturerhalt\/kulturerhalt-kenia\/1612932\" target=\"_blank\" rel=\"noreferrer noopener\">https:\/\/www.auswaertiges-amt.de\/de\/aussenpolitik\/themen\/kulturdialog\/09-kulturerhalt\/kulturerhalt-kenia\/1612932<\/a><\/p>\n\n\n\n<p><\/p>\n\n\n<p>&nbsp;<\/p>\n<p><img loading=\"lazy\" decoding=\"async\" class=\"alignnone size-full wp-image-1765\" src=\"https:\/\/www.johannes-rebmann-stiftung.de\/cms\/wp-content\/uploads\/2019\/01\/heimatpflege.jpg\" alt=\"\" width=\"200\" height=\"130\"><\/p>\n<p><a href=\"https:\/\/heimatpflegeverein-gerlingen.de\/\" target=\"_blank\" rel=\"noopener noreferrer\">Heimatpflegeverein Gerlingen e.V.<\/a><\/p>\n<p>&nbsp;<\/p>\n<p><img loading=\"lazy\" decoding=\"async\" class=\"alignnone size-full wp-image-951\" src=\"https:\/\/www.johannes-rebmann-stiftung.de\/cms\/wp-content\/uploads\/2016\/07\/wikipedia.jpg\" alt=\"\" width=\"200\" height=\"130\"><\/p>\n<p>Freie Enzyklop\u00e4die Wikipedia \u00fcber<br><a href=\"https:\/\/de.wikipedia.org\/wiki\/Johannes_Rebmann_(Missionar)\" target=\"_blank\" rel=\"noopener noreferrer\">Johannes Rebmann<\/a><br><a href=\"http:\/\/de.wikipedia.org\/wiki\/Johannes_Zimmermann_%28Missionar%29\" target=\"_blank\" rel=\"noopener noreferrer\">Johannes Zimmermann<\/a><\/p>\n<p>&nbsp;<\/p>\n<p><img loading=\"lazy\" decoding=\"async\" class=\"alignnone size-full wp-image-944\" src=\"https:\/\/www.johannes-rebmann-stiftung.de\/cms\/wp-content\/uploads\/2016\/07\/adb.jpg\" alt=\"\" width=\"200\" height=\"94\"><\/p>\n<p>Allgemeine Deutsche Biographie \u00fcber<br><a href=\"http:\/\/de.wikisource.org\/wiki\/ADB:Rebmann,_Johann\" target=\"_blank\" rel=\"noopener noreferrer\">Johannes Rebmann<\/a><br><a href=\"http:\/\/de.wikisource.org\/wiki\/ADB:Zimmermann,_Johannes\" target=\"_blank\" rel=\"noopener noreferrer\">Johannes Zimmermann<\/a><\/p>\n<p>&nbsp;<\/p>\n<p><img loading=\"lazy\" decoding=\"async\" class=\"alignnone size-full wp-image-949\" src=\"https:\/\/www.johannes-rebmann-stiftung.de\/cms\/wp-content\/uploads\/2016\/07\/scinexx.jpg\" alt=\"\" width=\"200\" height=\"130\"><\/p>\n<p>Scinexx - Das Wissensmagazin<br><a href=\"http:\/\/www.scinexx.de\/dossier-detail-213-8.html\" target=\"_blank\" rel=\"noopener noreferrer\">Artikel \u00fcber die Erforschung Ostafrikas<\/a>&nbsp;<\/p>\n<p>&nbsp;<\/p>\n<p>&nbsp;<\/p>\n<p><img loading=\"lazy\" decoding=\"async\" class=\"alignnone size-full wp-image-948\" src=\"https:\/\/www.johannes-rebmann-stiftung.de\/cms\/wp-content\/uploads\/2016\/07\/ostafrika.jpg\" alt=\"\" width=\"200\" height=\"130\"><\/p>\n<p>Information von Hanka Lingel zur<br><a href=\"http:\/\/www.hanka.de\/ostafrika\/seiten\/erforschung_ostafrikas.html\" target=\"_blank\" rel=\"noopener noreferrer\">Geschichte\/Entdeckung Ostafrikas<\/a><\/p>\n<p>&nbsp;<\/p>\n<p><img loading=\"lazy\" decoding=\"async\" class=\"alignnone size-full wp-image-950\" src=\"https:\/\/www.johannes-rebmann-stiftung.de\/cms\/wp-content\/uploads\/2016\/07\/tansania.jpg\" alt=\"\" width=\"200\" height=\"130\"><\/p>\n<p>Landesinformationen der issa (Informationsstelle s\u00fcdliches Afrika) \u00fcber <a href=\"https:\/\/www.afrika-sued.org\/laender-und-themen\/laenderberichte\/tansania\/\" target=\"_blank\" rel=\"noopener noreferrer\">Tansania<\/a><\/p>\n<p><a href=\"https:\/\/www.johannes-rebmann-stiftung.de\/en\/publications.html\">Englischsprachige Links<\/a><\/p>","protected":false},"excerpt":{"rendered":"<p>Kenia: Restaurierung des Missionarshauses Rebmann in Rabai: https:\/\/www.auswaertiges-amt.de\/de\/aussenpolitik\/themen\/kulturdialog\/09-kulturerhalt\/kulturerhalt-kenia\/1612932 &nbsp; Heimatpflegeverein Gerlingen e.V. &nbsp; Freie Enzyklop\u00e4die Wikipedia \u00fcberJohannes RebmannJohannes Zimmermann &nbsp; Allgemeine Deutsche Biographie \u00fcberJohannes RebmannJohannes Zimmermann &nbsp; Scinexx - Das <a href=\"https:\/\/www.johannes-rebmann-stiftung.de\/cms\/publikationen\/links\/\" class=\"more-link\">...weiterlesen<span class=\"screen-reader-text\"> \"Links\"<\/span><\/a><\/p>\n","protected":false},"author":1,"featured_media":0,"parent":17,"menu_order":0,"comment_status":"closed","ping_status":"closed","template":"","meta":{"ngg_post_thumbnail":0,"footnotes":""},"class_list":["post-1426","page","type-page","status-publish","h-entry","hentry","h-as-page"],"_links":{"self":[{"href":"https:\/\/www.johannes-rebmann-stiftung.de\/cms\/wp-json\/wp\/v2\/pages\/1426","targetHints":{"allow":["GET"]}}],"collection":[{"href":"https:\/\/www.johannes-rebmann-stiftung.de\/cms\/wp-json\/wp\/v2\/pages"}],"about":[{"href":"https:\/\/www.johannes-rebmann-stiftung.de\/cms\/wp-json\/wp\/v2\/types\/page"}],"author":[{"embeddable":true,"href":"https:\/\/www.johannes-rebmann-stiftung.de\/cms\/wp-json\/wp\/v2\/users\/1"}],"replies":[{"embeddable":true,"href":"https:\/\/www.johannes-rebmann-stiftung.de\/cms\/wp-json\/wp\/v2\/comments?post=1426"}],"version-history":[{"count":10,"href":"https:\/\/www.johannes-rebmann-stiftung.de\/cms\/wp-json\/wp\/v2\/pages\/1426\/revisions"}],"predecessor-version":[{"id":2767,"href":"https:\/\/www.johannes-rebmann-stiftung.de\/cms\/wp-json\/wp\/v2\/pages\/1426\/revisions\/2767"}],"up":[{"embeddable":true,"href":"https:\/\/www.johannes-rebmann-stiftung.de\/cms\/wp-json\/wp\/v2\/pages\/17"}],"wp:attachment":[{"href":"https:\/\/www.johannes-rebmann-stiftung.de\/cms\/wp-json\/wp\/v2\/media?parent=1426"}],"curies":[{"name":"wp","href":"https:\/\/api.w.org\/{rel}","templated":true}]}}