{"id":1256,"date":"2017-07-11T16:54:13","date_gmt":"2017-07-11T14:54:13","guid":{"rendered":"https:\/\/www.johannes-rebmann-stiftung.de\/cms\/?page_id=1256"},"modified":"2020-04-27T16:42:45","modified_gmt":"2020-04-27T14:42:45","slug":"rathlef-reinhard","status":"publish","type":"page","link":"https:\/\/www.johannes-rebmann-stiftung.de\/cms\/en\/missionaries\/current-missionaries\/rathlef-reinhard\/","title":{"rendered":"Rathlef, Reinhard"},"content":{"rendered":"<p><img loading=\"lazy\" decoding=\"async\" class=\"size-full wp-image-860 alignnone\" src=\"https:\/\/www.johannes-rebmann-stiftung.de\/cms\/wp-content\/uploads\/2017\/05\/rathlef_reinhard.gif\" alt=\"\" width=\"231\" height=\"190\"><br \/>\n<em>Reinhard Rathlef on the ferry across the river ...<\/em><\/p>\n<p>When Reinhard Rathlef traveled in 1965 for the Deutsche Indianer Pionier Mission (DPIM) by ship to Brazil, he had been prepared for his mission in courses, lectures and work experiences. But he couldn't imagine what he had to expect in the deepest jungle of Brazil.<\/p>\n<p>On one side of the river civilization, on the other side, at the borderland Brazil-Paraguay, jungle. Here the Brazil law isn't in force, but there are own \"laws\". Reinhard Rathlef has no command of Portugese when he arrives on a small Indian Mission in Brazil in the deep Mato Grosso jungle, 1,400 km from S\u00e3o Paulo.&nbsp; Besides the language the earlier druggist learns how to pull out teeth, give injections, lance furuncles, build jungle huts etc.<\/p>\n<p>In 1965 Winfried Rathlef, missionary of Deutsche Indianer Pionier Mission (DPIM), founds the first mission station in Piraju\u00ed, but has to retire from there after a while because of health problems.Two years later his brother Reinhard and Mr. Gerhard Kern continue the work that he had started. Key aspects of the holistic mission work are besides parish establishment medical work, the building up of agriculture and the education of the Indians. The Guaran\u00ed tribe in Piraju\u00ed is oppressed by the \"civilized borderland inhabitants\": smugglers and other criminals use them; weapons, crime and alcohol are the law and rule life.<\/p>\n<p>Illness kills large amounts of people. There are no streets, no hospitals. The hospital which is hundreds of kilometers away doesn't want to medicate Indians.The military tries to establish order but fights vainly in that jungle&nbsp; ... Indian Chief Juleao invites the missionaries and asks for help.<\/p>\n<p>&nbsp;<\/p>\n<p><img loading=\"lazy\" decoding=\"async\" class=\"alignnone size-full wp-image-861\" src=\"https:\/\/www.johannes-rebmann-stiftung.de\/cms\/wp-content\/uploads\/2017\/05\/rathlef_reinhard_auto.jpg\" alt=\"\" width=\"283\" height=\"206\"><br \/>\n<em>Reinhard Rathlef en-route<\/em><\/p>\n<p>\"Such a mission brings you to your physical and mental limits.\"&nbsp;- Good, that Reinhard Rathlef and the nurse Hilde Tiede had met in the headquarter of the mission in S\u00e3o Paulo. In 1968 they marry at the Indians place. Mr. Gerhard Kern starts a new work, 700 km away.<\/p>\n<p>&nbsp;<\/p>\n<p><img loading=\"lazy\" decoding=\"async\" class=\"alignnone size-full wp-image-856\" src=\"https:\/\/www.johannes-rebmann-stiftung.de\/cms\/wp-content\/uploads\/2017\/05\/rathlef_hilde.gif\" alt=\"\" width=\"209\" height=\"283\"><br \/>\n<em>Hilde Rathlef is reading to Indian women and children.<\/em><\/p>\n<p>God gives the Rathlefs strength for their work and they complement one another so good as a missionary couple, that they get a lot done in their adventurous surroundings. \"It's a miracle that we survive; all around us illnesses, violence ...\"<\/p>\n<p>The \"school\" finds lively interest. Mothers with babies on the arm, menfolk who have a way with bush knives but never have had a piece of paper in their hands, children in all ages ... they want to be able to read and write. Besides the spelling book the New Testament, translated in Guaran\u00ed language, is the reading book.<\/p>\n<p>The power of God's words changes many of these people. The missionaries can witness how excessive drinkers give up drinking through personnel faith and through prayer.<br \/>\nThe Indians drink only high proof sugarcane schnapps. The fear of ghosts goes away. New hope arises; they develop singing and music making in church services.<\/p>\n<p>The Rathlefs provide confidence with their dedicated mission and their Christian way of life. They give help for self-help to give Indians and criminals a chance to become responsible community members. Because of the nomadic Indians these facts get around quickly. From 1965 to 1975 reams of people come with all their belongings from everywhere to the small hospital of the Rathlefs who live amongst the Indians. Day and night you can hear \"hand clapping\", the way how Indians announce their arrival. Worm therapy, wound treating, but also information about personal hygiene and hygiene in general are in these years everydays life for the missionaries; as well as the fight against the prejudice that illnesses are conjured up by bad persons who have to get convicted for that and to get killed.<\/p>\n<p>In the first years the Rathlefs are busy alone in Piraju\u00ed - amongst Indians and amongst smugglers and criminals, who call themselves \"Civilizeds\". To protect the Indians and to get better living conditions for the boarder region it has to be helped everyone - also the criminals. Vaccination campaigns, church services, holistic instructions ... For a catchment area of 120 km ...\"The first years are back-breaking. Loneliness and fight for survival are the hardest challenge of our lives. Ill ourselves, the climate gives us a hard time, contaminated water, missing food, swarms of insects. We are absolutely exhausted when finally help in additional resource comes.<\/p>\n<p>&nbsp;<\/p>\n<p><img loading=\"lazy\" decoding=\"async\" class=\"alignnone size-full wp-image-862\" src=\"https:\/\/www.johannes-rebmann-stiftung.de\/cms\/wp-content\/uploads\/2017\/05\/rathlef_reinhard_schule.jpg\" alt=\"\" width=\"283\" height=\"206\"><br \/>\n<em>Reinhard Rathlef at the beginning of the 1970th in the Indian school Piraju\u00ed. The Rathlefs are proud that some of these children did better at school than they did themselves.<\/em><\/p>\n<p>After about 15 years they had managed it: epidemics declined. The Indians' and the \"Civilizeds\" general state of health has ameliorated. In absence of the missionaries there is always someone available who has learned to give first-aid in simple diseases.<\/p>\n<p>The new founded school in which the Indians get prepared for the Brazilian school, is subrogated in 1976 to the state school system.<\/p>\n<p>&nbsp;<\/p>\n<p><img loading=\"lazy\" decoding=\"async\" class=\"alignnone size-full wp-image-857\" src=\"https:\/\/www.johannes-rebmann-stiftung.de\/cms\/wp-content\/uploads\/2017\/05\/rathlef_indianer.gif\" alt=\"\" width=\"232\" height=\"150\"><br \/>\n<em>Reinhard Rathlef - in all circumstances \"close to people\"<\/em><\/p>\n<p>Nowadays there are approximately 70 of the alumna from different mission schools in the vicinity teachers themselves, and the percentage of students from Piraju\u00ed is high. In all of these schools the headmasters are Indians. But in Piraju\u00ed there are not only teachers - also nurses, skilled farmers, missionaries, pastors. A young man graduated two years ago from university and passed his exam in biology. He is writing books and works as a teacher.<br \/>\nThe health and hospital care is no longer in the hands of the mission since a short time. The work is done by indigenous village health helpers and nursing workers with help of the governmental health department.<\/p>\n<p>Radical changes like television in the Indian village, towns reachable nearby the reservation with shopping facilities and secondary schools, loam- and gravel paths with bus connections unsettle the life of the former hunter-gatherer. Missionaries accompany this people lovingly with a lot of patience and time.<\/p>\n<p>Reinhard Rathlef went officially into \"retirement\" in 2002 but you can't really call him \"retired\" ...<\/p>\n<p>Reinhard and Hilde Rathlef live since 1991 in Germany again, in Korntal. But their hearts - and also the hearts of their children stayed with the Indians.<\/p>\n<p>The family stays in contact with their South American friends in the Indian communities and with the \"Wild West Community\". When they come for a visit to Brazil, then alumna pupils come joyfully from 3,000 km distance. The Rathlefs continue supporting the missionarie's work in word and deed.<\/p>\n<p>\"Many thanks to everyone, also to the people from Gerlingen who have accompanied us for decades with active encouragement and support.\"<\/p>\n<p><strong>Quotations by Reinhard Rathlef:<\/strong><\/p>\n<p>\"Civilization is steamrolling the Indians in Brazil's jungle. Everything has changed but didn't turn for the better.\"<\/p>\n<p>\"Other criminals gravitate to smugglers. All kinds of criminals concentrated in the borderland. 'Not without weapons into that area,' said the military. But we trusted in God and that he will prevent us.\"<\/p>\n<p>\"Our motto from the very first was: win, train, send people. That has stand the test of time.\"<\/p>\n<p>\"When we live the Bible and not only preach, then we confirm the Gospel.\"<\/p>\n<p>\"The Indians must learn Portuguese so that they do not go under in Brazil. But the preservation of their own culture - and also of their language&nbsp; - is vehement important and has to be teached at schools!\"<\/p>\n<p>\"We acted with all available resources and powers, when innocent women should be clubbed to death. With success. In the nearly 30 years of our stay in Piraju\u00ed there were still trials, but no women any more was tortured to death.<br \/>\nWhere the cycle of murder and revenge gets broken, new life arises from the faith in Jesus Christ. We experienced that quite plainly.<\/p>\n<p>Example:<br \/>\nAvelhano hurts deliberately a Christian's pig. The Christian doesn't take revenge on him but after the mother pig is healthy again and has farrowed he gives Avelhano a young pig as a gift&nbsp; ... -<br \/>\nAt a later date Avelhano became Christian, after he had kept an eye on the people of the parish.\"<\/p>\n<p>\"We rescued the life of many Indians. The annunciation of the Bible's message changed the life of Indians and criminals who live nowadays a responsible life. For many of them the Bible verse John 3, verse 16 became a song of hope\":<\/p>\n<p>(Guaran\u00ed:) \u00d1andejara ohayhu etere\u00edgui yryp\u00f3ra ku\u00e9rape, ome'\u0115 va'ekue Ta'yra pete\u012dete, opa umi hese ojerovi\u00e1va ani ha\u011fua o\u00f1ehundi, oguereko hagua uvei pe tekove tapia guar\u00e3.<\/p>\n<p>(English:)<br \/>\nFor God so loved the world that he gave his one and only Son, that whoever believes in him shall not perish but have eternal life.\"<\/p>\n<p>\"Nowadays there are people in three provinces of that huge country to the country of Paraguay who pass on what we together had experienced and lived.\"<\/p>\n<p>&nbsp;<\/p>\n","protected":false},"excerpt":{"rendered":"<p>Reinhard Rathlef on the ferry across the river ... When Reinhard Rathlef traveled in 1965 for the Deutsche Indianer Pionier Mission (DPIM) by ship to Brazil, he had been prepared <a href=\"https:\/\/www.johannes-rebmann-stiftung.de\/cms\/en\/missionaries\/current-missionaries\/rathlef-reinhard\/\" class=\"more-link\">...weiterlesen<span class=\"screen-reader-text\"> \"Rathlef, Reinhard\"<\/span><\/a><\/p>\n","protected":false},"author":1,"featured_media":0,"parent":1136,"menu_order":0,"comment_status":"closed","ping_status":"closed","template":"","meta":{"ngg_post_thumbnail":0,"footnotes":""},"class_list":["post-1256","page","type-page","status-publish","h-entry","hentry","h-as-page"],"_links":{"self":[{"href":"https:\/\/www.johannes-rebmann-stiftung.de\/cms\/wp-json\/wp\/v2\/pages\/1256","targetHints":{"allow":["GET"]}}],"collection":[{"href":"https:\/\/www.johannes-rebmann-stiftung.de\/cms\/wp-json\/wp\/v2\/pages"}],"about":[{"href":"https:\/\/www.johannes-rebmann-stiftung.de\/cms\/wp-json\/wp\/v2\/types\/page"}],"author":[{"embeddable":true,"href":"https:\/\/www.johannes-rebmann-stiftung.de\/cms\/wp-json\/wp\/v2\/users\/1"}],"replies":[{"embeddable":true,"href":"https:\/\/www.johannes-rebmann-stiftung.de\/cms\/wp-json\/wp\/v2\/comments?post=1256"}],"version-history":[{"count":4,"href":"https:\/\/www.johannes-rebmann-stiftung.de\/cms\/wp-json\/wp\/v2\/pages\/1256\/revisions"}],"predecessor-version":[{"id":2522,"href":"https:\/\/www.johannes-rebmann-stiftung.de\/cms\/wp-json\/wp\/v2\/pages\/1256\/revisions\/2522"}],"up":[{"embeddable":true,"href":"https:\/\/www.johannes-rebmann-stiftung.de\/cms\/wp-json\/wp\/v2\/pages\/1136"}],"wp:attachment":[{"href":"https:\/\/www.johannes-rebmann-stiftung.de\/cms\/wp-json\/wp\/v2\/media?parent=1256"}],"curies":[{"name":"wp","href":"https:\/\/api.w.org\/{rel}","templated":true}]}}