{"id":1181,"date":"2017-07-06T16:16:19","date_gmt":"2017-07-06T14:16:19","guid":{"rendered":"https:\/\/www.johannes-rebmann-stiftung.de\/cms\/?page_id=1181"},"modified":"2020-04-27T16:47:42","modified_gmt":"2020-04-27T14:47:42","slug":"daeuble-karl-gustav","status":"publish","type":"page","link":"https:\/\/www.johannes-rebmann-stiftung.de\/cms\/en\/missionaries\/early-missionaries\/daeuble-karl-gustav\/","title":{"rendered":"D\u00e4uble, Karl Gustav"},"content":{"rendered":"<p><img loading=\"lazy\" decoding=\"async\" class=\"alignnone  wp-image-340\" src=\"https:\/\/www.johannes-rebmann-stiftung.de\/cms\/wp-content\/uploads\/2017\/04\/Daeuble_Karl_Gustav.jpg\" alt=\"\" width=\"252\" height=\"310\" srcset=\"https:\/\/www.johannes-rebmann-stiftung.de\/cms\/wp-content\/uploads\/2017\/04\/Daeuble_Karl_Gustav.jpg 358w, https:\/\/www.johannes-rebmann-stiftung.de\/cms\/wp-content\/uploads\/2017\/04\/Daeuble_Karl_Gustav-244x300.jpg 244w\" sizes=\"auto, (max-width: 252px) 100vw, 252px\" \/><\/p>\n<p>No other family from Gerlingen gave more sons and daughters to the mission than the D\u00e4uble family. Father Jakob D\u00e4uble was born in Hasslach near Herrenberg and came in 1841 with eleven children as a school teacher to Gerlingen.Three of his sons became missionaries, two daughters missionarie's wifes.<\/p>\n<p>Karl Gustav D\u00e4uble is born in 1832 in Sindelfingen as the youngest son of Jakob D\u00e4uble and his wife Luise. The D\u00e4uble family moves to Gerlingen in 1841.<\/p>\n<p>Karl Gustav D\u00e4uble is schoolmate of the later missionary Jakob Heck. Karl Gustav D\u00e4uble reports from Basel about his teens in Gerlingen: \"I became an apprentice to master joiner H\u00f6schele in Gerlingen, where I learned for three years. My trade cornered me often, because I hated when something didn't go well and when I missed the courage and the energy (not the ability), but the diligence to everything I had started was missing. In the last year of my apprenticeship nothing that I took into my own hands worked out and I felt how the Lord wanted to show me my incapableness and debility, when I didn't do my work in his power and under his mercy. Previous spring my brother Wilhelm wrote to me I may come here, to Basel.\"<\/p>\n<p>Karl Gustav D\u00e4uble gets registered in the Mission House in Basel, ends his studies in 1855 and gets on duty for the English mission CMS. In 1856 the Bishop of London ordains him in St. Pauls Cathedral, the Bishop in Calcutta also. His journey goes to Benares in North Inida. In 1862 he gets relocated to Agra and assumes there an orphanage. After 33 years stay in India he gets home leave in 1870. After his return he gets relocated to Lucknow. There his wife Marie, n\u00e9e. Els\u00e4\u00dfer, who he had married in 1857, dies in 1877.<\/p>\n<p>In 1893 Karl Gustav D\u00e4uble dies in Kangra, Punjab. His second wife Marie, n\u00e9e Stoephasius, who is in duty for the Berlin Women Association, continues the work in Punjab Mission after his death.<\/p>\n","protected":false},"excerpt":{"rendered":"<p>No other family from Gerlingen gave more sons and daughters to the mission than the D\u00e4uble family. Father Jakob D\u00e4uble was born in Hasslach near Herrenberg and came in 1841 <a href=\"https:\/\/www.johannes-rebmann-stiftung.de\/cms\/en\/missionaries\/early-missionaries\/daeuble-karl-gustav\/\" class=\"more-link\">...weiterlesen<span class=\"screen-reader-text\"> \"D\u00e4uble, Karl Gustav\"<\/span><\/a><\/p>\n","protected":false},"author":1,"featured_media":0,"parent":1126,"menu_order":0,"comment_status":"closed","ping_status":"closed","template":"","meta":{"ngg_post_thumbnail":0,"footnotes":""},"class_list":["post-1181","page","type-page","status-publish","h-entry","hentry","h-as-page"],"_links":{"self":[{"href":"https:\/\/www.johannes-rebmann-stiftung.de\/cms\/wp-json\/wp\/v2\/pages\/1181","targetHints":{"allow":["GET"]}}],"collection":[{"href":"https:\/\/www.johannes-rebmann-stiftung.de\/cms\/wp-json\/wp\/v2\/pages"}],"about":[{"href":"https:\/\/www.johannes-rebmann-stiftung.de\/cms\/wp-json\/wp\/v2\/types\/page"}],"author":[{"embeddable":true,"href":"https:\/\/www.johannes-rebmann-stiftung.de\/cms\/wp-json\/wp\/v2\/users\/1"}],"replies":[{"embeddable":true,"href":"https:\/\/www.johannes-rebmann-stiftung.de\/cms\/wp-json\/wp\/v2\/comments?post=1181"}],"version-history":[{"count":4,"href":"https:\/\/www.johannes-rebmann-stiftung.de\/cms\/wp-json\/wp\/v2\/pages\/1181\/revisions"}],"predecessor-version":[{"id":2528,"href":"https:\/\/www.johannes-rebmann-stiftung.de\/cms\/wp-json\/wp\/v2\/pages\/1181\/revisions\/2528"}],"up":[{"embeddable":true,"href":"https:\/\/www.johannes-rebmann-stiftung.de\/cms\/wp-json\/wp\/v2\/pages\/1126"}],"wp:attachment":[{"href":"https:\/\/www.johannes-rebmann-stiftung.de\/cms\/wp-json\/wp\/v2\/media?parent=1181"}],"curies":[{"name":"wp","href":"https:\/\/api.w.org\/{rel}","templated":true}]}}