{"id":10,"date":"2016-07-01T12:39:50","date_gmt":"2016-07-01T10:39:50","guid":{"rendered":"https:\/\/www.johannes-rebmann-stiftung.de\/cms\/?page_id=10"},"modified":"2020-04-27T15:00:18","modified_gmt":"2020-04-27T13:00:18","slug":"mission","status":"publish","type":"page","link":"https:\/\/www.johannes-rebmann-stiftung.de\/cms\/die-stiftung\/mission\/","title":{"rendered":"Mission"},"content":{"rendered":"<p><img loading=\"lazy\" decoding=\"async\" class=\"alignnone wp-image-152 size-full\" src=\"https:\/\/www.johannes-rebmann-stiftung.de\/cms\/wp-content\/uploads\/2016\/07\/rebmann5.jpg\" alt=\"rebmann5\" width=\"600\" height=\"393\" srcset=\"https:\/\/www.johannes-rebmann-stiftung.de\/cms\/wp-content\/uploads\/2016\/07\/rebmann5.jpg 600w, https:\/\/www.johannes-rebmann-stiftung.de\/cms\/wp-content\/uploads\/2016\/07\/rebmann5-300x197.jpg 300w\" sizes=\"auto, (max-width: 600px) 100vw, 600px\" \/><\/p>\n<p>Die Johannes-Rebmann-Stiftung m\u00f6chte die <a href=\"https:\/\/www.johannes-rebmann-stiftung.de\/cms\/missionare-aus-gerlingen\/\">Gerlinger Missionare<\/a> ehren - diejenigen, die in vergangenen Zeiten in alle Welt gingen, aber auch die, die heute unterwegs sind.<\/p>\n<p>Missionar - ist das nicht ein \"Beruf von gestern\"?<br \/>\nMission - ein \"alter Zopf\"?<br \/>\nMitnichten!<\/p>\n<p>Klaus B\u00f6ttcher von der <a href=\"http:\/\/www.dmgint.de\" target=\"_blank\" rel=\"noopener noreferrer\"> Deutschen Missionsgemeinschaft<\/a> in Sinsheim:<\/p>\n<p>\"Jesus wollte, dass allen Menschen seine Botschaft gesagt wird. Wenn heute z. B. Juden, die an Jesus als ihren Messias glauben, und Pal\u00e4stinenser, die an Jesus glauben, sich als Br\u00fcder annehmen, zeigt dies, dass Jesus wirklich Frieden schafft. Mission mit Feuer und Schwert war absolut gegen seinen Willen. Vielmehr gibt er statt Hass und Fanatismus echte Liebe.<\/p>\n<p>Unsere tiefste Not ist unsere Trennung von Gott. Jesus starb, um sie zu \u00fcberwinden. Wer an ihn glaubt, geh\u00f6rt zu Gott, egal aus welcher Kultur er kommt. Darum wirken heute Missionare aus Afrika, Asien und Lateinamerika in Deutschland, um Gleichg\u00fcltigen zu sagen, wer Jesus ist. Deutsche gehen zu fremden V\u00f6lkern, um ihnen die menschgewordene Liebe Gottes zu zeigen durch Wort und Tat. Noch immer gibt es rund 3 Milliarden Menschen, die von Gottes Rettungstat nichts wissen.<\/p>\n<p>Der Auftrag Jesu ist noch nicht erf\u00fcllt. Wir k\u00f6nnen mitmachen, indem wir selbst gehen (z. B. als \"Kurzzeitler\" f\u00fcr einige Monate bis zu 2 Jahren nach dem Schul-, Lehr- oder Studienabschluss; als \"Langzeitmissionare\" oder im \"Programm 50+\" nach Abschluss der beruflichen T\u00e4tigkeit als Ruhe- oder Vorruhest\u00e4ndler f\u00fcr ein Vierteljahr, ein halbes Jahr oder l\u00e4nger) oder indem wir uns f\u00fcr jene einsetzen, die Gott in die Mission berufen hat.\"<\/p>\n<p>Die Frauen und M\u00e4nner aus Gerlingen, die den Weg der Mission eingeschlagen haben, waren und sind f\u00fcr verschiedene Missionsgesellschaften t\u00e4tig. Links zu deren Webseiten:<\/p>\n<p><a href=\"http:\/\/www.dipm.de\" target=\"_blank\" rel=\"noopener noreferrer\">DIPM - Deutsche Indianer Pionier Mission e. V.<\/a><br \/>\n<a href=\"http:\/\/www.dmgint.de\" target=\"_blank\" rel=\"noopener noreferrer\">DMG - Deutsche Missionsgesellschaft<\/a><br \/>\n<a href=\"http:\/\/www.ems-online.org\" target=\"_blank\" rel=\"noopener noreferrer\">EMS - Evangelisches Missionswerk in S\u00fcdwestdeutschland<\/a><br \/>\n<a href=\"http:\/\/www.mission-21.org\/\" target=\"_blank\" rel=\"noopener noreferrer\">Mission 21 - Evangelisches Missionswerk Basel<\/a><\/p>\n<p>Weiterf\u00fchrende Links:<\/p>\n<p><a href=\"http:\/\/www.awm-korntal.de\/\" target=\"_blank\" rel=\"noopener noreferrer\">Akademie f\u00fcr Weltmission<\/a><br \/>\n<a href=\"http:\/\/www.bruedergemeinde-korntal.de\" target=\"_blank\" rel=\"noopener noreferrer\">Evangelische Br\u00fcdergemeinde Korntal<\/a><br \/>\n<a href=\"http:\/\/www.lio.org\" target=\"_blank\" rel=\"noopener noreferrer\">Missionsbund Licht im Osten<\/a><\/p>\n","protected":false},"excerpt":{"rendered":"<p>Die Johannes-Rebmann-Stiftung m\u00f6chte die Gerlinger Missionare ehren - diejenigen, die in vergangenen Zeiten in alle Welt gingen, aber auch die, die heute unterwegs sind. Missionar - ist das nicht ein <a href=\"https:\/\/www.johannes-rebmann-stiftung.de\/cms\/die-stiftung\/mission\/\" class=\"more-link\">...weiterlesen<span class=\"screen-reader-text\"> \"Mission\"<\/span><\/a><\/p>\n","protected":false},"author":1,"featured_media":0,"parent":2,"menu_order":0,"comment_status":"closed","ping_status":"closed","template":"","meta":{"ngg_post_thumbnail":0,"footnotes":""},"class_list":["post-10","page","type-page","status-publish","h-entry","hentry","h-as-page"],"_links":{"self":[{"href":"https:\/\/www.johannes-rebmann-stiftung.de\/cms\/wp-json\/wp\/v2\/pages\/10","targetHints":{"allow":["GET"]}}],"collection":[{"href":"https:\/\/www.johannes-rebmann-stiftung.de\/cms\/wp-json\/wp\/v2\/pages"}],"about":[{"href":"https:\/\/www.johannes-rebmann-stiftung.de\/cms\/wp-json\/wp\/v2\/types\/page"}],"author":[{"embeddable":true,"href":"https:\/\/www.johannes-rebmann-stiftung.de\/cms\/wp-json\/wp\/v2\/users\/1"}],"replies":[{"embeddable":true,"href":"https:\/\/www.johannes-rebmann-stiftung.de\/cms\/wp-json\/wp\/v2\/comments?post=10"}],"version-history":[{"count":5,"href":"https:\/\/www.johannes-rebmann-stiftung.de\/cms\/wp-json\/wp\/v2\/pages\/10\/revisions"}],"predecessor-version":[{"id":2470,"href":"https:\/\/www.johannes-rebmann-stiftung.de\/cms\/wp-json\/wp\/v2\/pages\/10\/revisions\/2470"}],"up":[{"embeddable":true,"href":"https:\/\/www.johannes-rebmann-stiftung.de\/cms\/wp-json\/wp\/v2\/pages\/2"}],"wp:attachment":[{"href":"https:\/\/www.johannes-rebmann-stiftung.de\/cms\/wp-json\/wp\/v2\/media?parent=10"}],"curies":[{"name":"wp","href":"https:\/\/api.w.org\/{rel}","templated":true}]}}